{"id":54705,"date":"2017-01-02T08:28:52","date_gmt":"2017-01-02T08:28:52","guid":{"rendered":"https:\/\/demo.themegrill.com\/flash-default-2\/?page_id=5"},"modified":"2019-11-26T19:55:59","modified_gmt":"2019-11-26T19:55:59","slug":"home-2","status":"publish","type":"page","link":"https:\/\/sistemas.tic.unam.mx\/","title":{"rendered":"Home"},"content":{"rendered":"\t\t<div data-elementor-type=\"wp-post\" data-elementor-id=\"54705\" class=\"elementor elementor-54705\">\n\t\t\t\t\t\t<div class=\"elementor-inner\">\n\t\t\t\t<div class=\"elementor-section-wrap\">\n\t\t\t\t\t\t\t\t\t<section class=\"elementor-section elementor-top-section elementor-element elementor-element-3d24be98 elementor-section-height-min-height elementor-section-boxed elementor-section-height-default elementor-section-items-middle\" data-id=\"3d24be98\" data-element_type=\"section\">\n\t\t\t\t\t\t<div class=\"elementor-container elementor-column-gap-default\">\n\t\t\t\t\t\t\t<div class=\"elementor-row\">\n\t\t\t\t\t<header class=\"elementor-column elementor-col-100 elementor-top-column elementor-element elementor-element-162ff746\" data-id=\"162ff746\" data-element_type=\"column\">\n\t\t\t<div class=\"elementor-column-wrap elementor-element-populated\">\n\t\t\t\t\t\t\t<div class=\"elementor-widget-wrap\">\n\t\t\t\t\t\t<div class=\"elementor-element elementor-element-6358ec3b elementor-widget elementor-widget-text-editor\" data-id=\"6358ec3b\" data-element_type=\"widget\" data-widget_type=\"text-editor.default\">\n\t\t\t\t<div class=\"elementor-widget-container\">\n\t\t\t\t\t\t\t\t<div class=\"elementor-text-editor elementor-clearfix\">\n\t\t\t\t<div id=\"pl-54705\" class=\"panel-layout\"><div id=\"pg-54705-0\" class=\"panel-grid panel-has-style\" data-style=\"{\"><div class=\"siteorigin-panels-stretch panel-row-style panel-row-style-for-54705-0\" data-stretch-type=\"full-stretched\"><div id=\"pgc-54705-0-0\" class=\"panel-grid-cell\" data-weight=\"1\"><div id=\"panel-54705-0-0-0\" class=\"so-panel widget widget_themegrill_flash_slider tg-section tg-slider-widget panel-first-child panel-last-child\" data-index=\"0\" data-style=\"{\"><p><div class=\"tg-slider-widget slider-dark slider-content-center slider-control-center full-width\">\n\t<div class=\"swiper-container\">\n\t\t<div class=\"swiper-wrapper\">\n\t\t\t\t\t<\/div>\n\t\t<div class=\"swiper-pagination\"><\/div>\n\t\t<div class=\"slider-arrow\">\n\t\t\t<div class=\"swiper-button-next\"><\/div>\n\t\t\t<div class=\"swiper-button-prev\"><\/div>\n\t\t<\/div>\n\t<\/div>\n<\/div>\n<\/h3><\/div><\/div><\/div><\/div><div id=\"pg-54705-1\" class=\"panel-grid panel-has-style\" data-style=\"{\"><div class=\"siteorigin-panels-stretch panel-row-style panel-row-style-for-54705-1\" data-stretch-type=\"full\"><div id=\"pgc-54705-1-0\" class=\"panel-grid-cell\" data-weight=\"1\"><div id=\"panel-54705-1-0-0\" class=\"so-panel widget widget_themegrill_flash_heading tg-widget section-title-wrapper panel-first-child\" data-index=\"1\" data-style=\"{\"><p><\/h3><\/div><div id=\"panel-54705-1-0-1\" class=\"so-panel widget widget_themegrill_flash_blog tg-widget blog-section panel-last-child\" data-index=\"2\" data-style=\"{\"><p>\n<div class=\"blog-wrapper tg-column-wrapper \">\n\t\t<div class=\"tg-blog-widget tg-column-3\">\n\t\t\t\t<div class=\"post-image \">\n\t\t\t<figure><a href=\"https:\/\/sistemas.tic.unam.mx\/index.php\/2021\/12\/07\/dgtic-organiza-el-primer-foro-sobre-solucion-de-incidentes-de-red\/\" title=\"DGTIC organiza el primer Foro sobre soluci\u00f3n de incidentes de Red\"><img width=\"370\" height=\"270\" src=\"https:\/\/sistemas.tic.unam.mx\/wp-content\/uploads\/2021\/12\/13-370x270.jpg\" class=\"attachment-flash-grid size-flash-grid wp-post-image\" alt=\"\" decoding=\"async\" loading=\"lazy\" \/><\/a><\/figure>\t\t<\/div>\n\t\t<div class=\"blog-content\">\n\t\t\t<h3 class=\"entry-title\"><a href=\"https:\/\/sistemas.tic.unam.mx\/index.php\/2021\/12\/07\/dgtic-organiza-el-primer-foro-sobre-solucion-de-incidentes-de-red\/\">DGTIC organiza el primer Foro sobre soluci\u00f3n de incidentes de Red<\/a><\/h3>\n\t\t\t\t\t\t<div class=\"entry-summary\">\n\t\t\t\t<p>Por Semiramis Zaldivar Granada En el marco del Plan de Desarrollo Institucional, la Direcci\u00f3n de Docencia en TIC, en colaboraci\u00f3n [&hellip;]<\/p>\n\t\t\t<\/div>\n\t\t\t\t\t<\/div>\n\t<\/div>\n\t\t<div class=\"tg-blog-widget tg-column-3\">\n\t\t\t\t<div class=\"post-image \">\n\t\t\t<figure><a href=\"https:\/\/sistemas.tic.unam.mx\/index.php\/2024\/04\/01\/hacen-falta-mas-estudios-sobre-los-recursos-hidricos\/\" title=\"Hacen falta m\u00e1s estudios sobre los recursos h\u00eddricos\"><img width=\"370\" height=\"270\" src=\"https:\/\/sistemas.tic.unam.mx\/wp-content\/uploads\/2024\/04\/240401-aca5-des-f1-recursos-hidricos-370x270.jpeg\" class=\"attachment-flash-grid size-flash-grid wp-post-image\" alt=\"\" decoding=\"async\" loading=\"lazy\" \/><\/a><\/figure>\t\t<\/div>\n\t\t<div class=\"blog-content\">\n\t\t\t<h3 class=\"entry-title\"><a href=\"https:\/\/sistemas.tic.unam.mx\/index.php\/2024\/04\/01\/hacen-falta-mas-estudios-sobre-los-recursos-hidricos\/\">Hacen falta m\u00e1s estudios sobre los recursos h\u00eddricos<\/a><\/h3>\n\t\t\t\t\t\t<div class=\"entry-summary\">\n\t\t\t\t<p>No podemos cuidar lo que no conocemos ni proteger lo que desconocemos. Es necesario saber d\u00f3nde est\u00e1 el agua, cu\u00e1nta [&hellip;]<\/p>\n\t\t\t<\/div>\n\t\t\t\t\t<\/div>\n\t<\/div>\n\t\t<div class=\"tg-blog-widget tg-column-3\">\n\t\t\t\t<div class=\"post-image \">\n\t\t\t<figure><a href=\"https:\/\/sistemas.tic.unam.mx\/index.php\/2024\/04\/01\/indicadores-del-cambio-climatico-en-niveles-sin-precedentes-omm\/\" title=\"Indicadores del cambio clim\u00e1tico, en niveles sin precedentes: OMM*\"><img width=\"370\" height=\"270\" src=\"https:\/\/sistemas.tic.unam.mx\/wp-content\/uploads\/2024\/04\/240401-aca2-des-f1-Indicadores-del-cambio-climatico-370x270.jpeg\" class=\"attachment-flash-grid size-flash-grid wp-post-image\" alt=\"\" decoding=\"async\" loading=\"lazy\" \/><\/a><\/figure>\t\t<\/div>\n\t\t<div class=\"blog-content\">\n\t\t\t<h3 class=\"entry-title\"><a href=\"https:\/\/sistemas.tic.unam.mx\/index.php\/2024\/04\/01\/indicadores-del-cambio-climatico-en-niveles-sin-precedentes-omm\/\">Indicadores del cambio clim\u00e1tico, en niveles sin precedentes: OMM*<\/a><\/h3>\n\t\t\t\t\t\t<div class=\"entry-summary\">\n\t\t\t\t<p>Un nuevo informe de la Organizaci\u00f3n Meteorol\u00f3gica Mundial (OMM) muestra que una vez m\u00e1s se batieron r\u00e9cords, y en algunos [&hellip;]<\/p>\n\t\t\t<\/div>\n\t\t\t\t\t<\/div>\n\t<\/div>\n\t\t<div class=\"tg-blog-widget tg-column-3\">\n\t\t\t\t<div class=\"post-image \">\n\t\t\t<figure><a href=\"https:\/\/sistemas.tic.unam.mx\/index.php\/2024\/04\/01\/avala-el-cu-la-cuenta-anual-2023-de-la-unam\/\" title=\"Avala el CU la Cuenta Anual 2023 de la UNAM\"><img width=\"370\" height=\"270\" src=\"https:\/\/sistemas.tic.unam.mx\/wp-content\/uploads\/2024\/04\/240401-cu1-des-f1-consejo-cuenta-anual-370x270.jpeg\" class=\"attachment-flash-grid size-flash-grid wp-post-image\" alt=\"\" decoding=\"async\" loading=\"lazy\" \/><\/a><\/figure>\t\t<\/div>\n\t\t<div class=\"blog-content\">\n\t\t\t<h3 class=\"entry-title\"><a href=\"https:\/\/sistemas.tic.unam.mx\/index.php\/2024\/04\/01\/avala-el-cu-la-cuenta-anual-2023-de-la-unam\/\">Avala el CU la Cuenta Anual 2023 de la UNAM<\/a><\/h3>\n\t\t\t\t\t\t<div class=\"entry-summary\">\n\t\t\t\t<p>El pleno del Consejo Universitario de la UNAM aprob\u00f3, por unanimidad, la Cuenta Anual 2023, que ascendi\u00f3 a 55 mil [&hellip;]<\/p>\n\t\t\t<\/div>\n\t\t\t\t\t<\/div>\n\t<\/div>\n\t\t<div class=\"tg-blog-widget tg-column-3\">\n\t\t\t\t<div class=\"post-image \">\n\t\t\t<figure><a href=\"https:\/\/sistemas.tic.unam.mx\/index.php\/2024\/02\/06\/se-fortalecera-la-igualdad-de-genero-en-la-facultad-de-medicina\/\" title=\"Se fortalecer\u00e1 la igualdad de g\u00e9nero en la Facultad de Medicina\"><img width=\"370\" height=\"270\" src=\"https:\/\/sistemas.tic.unam.mx\/wp-content\/uploads\/2024\/02\/240206-gob1-des-f1-Facultad-de-Medicina-370x270.jpeg\" class=\"attachment-flash-grid size-flash-grid wp-post-image\" alt=\"\" decoding=\"async\" loading=\"lazy\" \/><\/a><\/figure>\t\t<\/div>\n\t\t<div class=\"blog-content\">\n\t\t\t<h3 class=\"entry-title\"><a href=\"https:\/\/sistemas.tic.unam.mx\/index.php\/2024\/02\/06\/se-fortalecera-la-igualdad-de-genero-en-la-facultad-de-medicina\/\">Se fortalecer\u00e1 la igualdad de g\u00e9nero en la Facultad de Medicina<\/a><\/h3>\n\t\t\t\t\t\t<div class=\"entry-summary\">\n\t\t\t\t<p>Lograr profesionales de la ciencia m\u00e9dica m\u00e1s humanistas, capaces de combinar sus conocimientos especializados con una cultura general que integre [&hellip;]<\/p>\n\t\t\t<\/div>\n\t\t\t\t\t<\/div>\n\t<\/div>\n\t\t<div class=\"tg-blog-widget tg-column-3\">\n\t\t\t\t<div class=\"post-image \">\n\t\t\t<figure><a href=\"https:\/\/sistemas.tic.unam.mx\/index.php\/2024\/02\/06\/platicadito-podcast-de-innovacion-educativa\/\" title=\"Platicadito, p\u00f3dcast de innovaci\u00f3n educativa\"><img width=\"370\" height=\"270\" src=\"https:\/\/sistemas.tic.unam.mx\/wp-content\/uploads\/2024\/02\/240206-com1-des-f1-podcast-platicadito-370x270.jpeg\" class=\"attachment-flash-grid size-flash-grid wp-post-image\" alt=\"\" decoding=\"async\" loading=\"lazy\" \/><\/a><\/figure>\t\t<\/div>\n\t\t<div class=\"blog-content\">\n\t\t\t<h3 class=\"entry-title\"><a href=\"https:\/\/sistemas.tic.unam.mx\/index.php\/2024\/02\/06\/platicadito-podcast-de-innovacion-educativa\/\">Platicadito, p\u00f3dcast de innovaci\u00f3n educativa<\/a><\/h3>\n\t\t\t\t\t\t<div class=\"entry-summary\">\n\t\t\t\t<p>Platicadito, sin tanto rollo&nbsp;es un p\u00f3dcast creado por la Coordinaci\u00f3n de Universidad Abierta, Innovaci\u00f3n Educativa y Educaci\u00f3n a Distancia (CUAIEED) [&hellip;]<\/p>\n\t\t\t<\/div>\n\t\t\t\t\t<\/div>\n\t<\/div>\n\t\t<div class=\"tg-blog-widget tg-column-3\">\n\t\t\t\t<div class=\"post-image \">\n\t\t\t<figure><a href=\"https:\/\/sistemas.tic.unam.mx\/index.php\/2024\/02\/06\/por-que-se-da-el-escapismo-emocional\/\" title=\"\u00bfPor qu\u00e9 se da el escapismo emocional?\"><img width=\"370\" height=\"270\" src=\"https:\/\/sistemas.tic.unam.mx\/wp-content\/uploads\/2024\/02\/240206-aca2-des-f1-escapismo-emocional-370x270.jpeg\" class=\"attachment-flash-grid size-flash-grid wp-post-image\" alt=\"\" decoding=\"async\" loading=\"lazy\" \/><\/a><\/figure>\t\t<\/div>\n\t\t<div class=\"blog-content\">\n\t\t\t<h3 class=\"entry-title\"><a href=\"https:\/\/sistemas.tic.unam.mx\/index.php\/2024\/02\/06\/por-que-se-da-el-escapismo-emocional\/\">\u00bfPor qu\u00e9 se da el escapismo emocional?<\/a><\/h3>\n\t\t\t\t\t\t<div class=\"entry-summary\">\n\t\t\t\t<p>Un s\u00edndrome se define como un conjunto de s\u00edntomas caracter\u00edsticos de una enfermedad, por tanto no existe el s\u00edndrome de [&hellip;]<\/p>\n\t\t\t<\/div>\n\t\t\t\t\t<\/div>\n\t<\/div>\n\t\t<div class=\"tg-blog-widget tg-column-3\">\n\t\t\t\t<div class=\"post-image \">\n\t\t\t<figure><a href=\"https:\/\/sistemas.tic.unam.mx\/index.php\/2024\/01\/09\/38-cientificos-de-la-cic-alcanzan-la-categoria-mas-alta-de-investigacion\/\" title=\"38 cient\u00edficos de la CIC alcanzan la categor\u00eda m\u00e1s alta de investigaci\u00f3n\"><img width=\"370\" height=\"270\" src=\"https:\/\/sistemas.tic.unam.mx\/wp-content\/uploads\/2024\/01\/240108-cult2-des-f1-Encuentro-y-celebracion-1-370x270.jpeg\" class=\"attachment-flash-grid size-flash-grid wp-post-image\" alt=\"\" decoding=\"async\" loading=\"lazy\" \/><\/a><\/figure>\t\t<\/div>\n\t\t<div class=\"blog-content\">\n\t\t\t<h3 class=\"entry-title\"><a href=\"https:\/\/sistemas.tic.unam.mx\/index.php\/2024\/01\/09\/38-cientificos-de-la-cic-alcanzan-la-categoria-mas-alta-de-investigacion\/\">38 cient\u00edficos de la CIC alcanzan la categor\u00eda m\u00e1s alta de investigaci\u00f3n<\/a><\/h3>\n\t\t\t\t\t\t<div class=\"entry-summary\">\n\t\t\t\t<p>Un selecto grupo de 38 cient\u00edficas y cient\u00edficos de la Universidad Nacional alcanzaron en el cierre del a\u00f1o 2023 el [&hellip;]<\/p>\n\t\t\t<\/div>\n\t\t\t\t\t<\/div>\n\t<\/div>\n\t\t<div class=\"tg-blog-widget tg-column-3\">\n\t\t\t\t<div class=\"post-image \">\n\t\t\t<figure><a href=\"https:\/\/sistemas.tic.unam.mx\/index.php\/2024\/01\/09\/encuentro-y-celebracion\/\" title=\"Encuentro y celebraci\u00f3n\"><img width=\"370\" height=\"270\" src=\"https:\/\/sistemas.tic.unam.mx\/wp-content\/uploads\/2024\/01\/240108-cult2-des-f1-Encuentro-y-celebracion-370x270.jpeg\" class=\"attachment-flash-grid size-flash-grid wp-post-image\" alt=\"\" decoding=\"async\" loading=\"lazy\" \/><\/a><\/figure>\t\t<\/div>\n\t\t<div class=\"blog-content\">\n\t\t\t<h3 class=\"entry-title\"><a href=\"https:\/\/sistemas.tic.unam.mx\/index.php\/2024\/01\/09\/encuentro-y-celebracion\/\">Encuentro y celebraci\u00f3n<\/a><\/h3>\n\t\t\t\t\t\t<div class=\"entry-summary\">\n\t\t\t\t<p>La Coordinaci\u00f3n de Difusi\u00f3n Cultural organiz\u00f3 en 2023 m\u00e1s de 11 mil 600 actividades a las que acudieron un mill\u00f3n [&hellip;]<\/p>\n\t\t\t<\/div>\n\t\t\t\t\t<\/div>\n\t<\/div>\n\t\t<div class=\"tg-blog-widget tg-column-3\">\n\t\t\t\t<div class=\"post-image \">\n\t\t\t<figure><a href=\"https:\/\/sistemas.tic.unam.mx\/index.php\/2024\/01\/09\/un-proyecto-academico-de-divulgacion-con-mas-de-250-videos-cortos\/\" title=\"Un proyecto acad\u00e9mico de divulgaci\u00f3n con m\u00e1s de 250 videos cortos\"><img width=\"370\" height=\"270\" src=\"https:\/\/sistemas.tic.unam.mx\/wp-content\/uploads\/2024\/01\/240108-com1-des-f1-HistoriasUNAM-370x270.jpeg\" class=\"attachment-flash-grid size-flash-grid wp-post-image\" alt=\"\" decoding=\"async\" loading=\"lazy\" \/><\/a><\/figure>\t\t<\/div>\n\t\t<div class=\"blog-content\">\n\t\t\t<h3 class=\"entry-title\"><a href=\"https:\/\/sistemas.tic.unam.mx\/index.php\/2024\/01\/09\/un-proyecto-academico-de-divulgacion-con-mas-de-250-videos-cortos\/\">Un proyecto acad\u00e9mico de divulgaci\u00f3n con m\u00e1s de 250 videos cortos<\/a><\/h3>\n\t\t\t\t\t\t<div class=\"entry-summary\">\n\t\t\t\t<p>La Direcci\u00f3n General de Comunicaci\u00f3n Social, por medio de UNAM Global TV, presenta el proyecto acad\u00e9mico #HistoriasUNAM, con el cual [&hellip;]<\/p>\n\t\t\t<\/div>\n\t\t\t\t\t<\/div>\n\t<\/div>\n\t\t<div class=\"tg-blog-widget tg-column-3\">\n\t\t\t\t<div class=\"post-image \">\n\t\t\t<figure><a href=\"https:\/\/sistemas.tic.unam.mx\/index.php\/2023\/11\/27\/siluetas-contra-la-violencia-feminicida\/\" title=\"Siluetas contra la violencia feminicida\"><img width=\"370\" height=\"270\" src=\"https:\/\/sistemas.tic.unam.mx\/wp-content\/uploads\/2023\/11\/231127-aca1-des-f1-siluetas-contra-la-violencia-feminicida-370x270.jpeg\" class=\"attachment-flash-grid size-flash-grid wp-post-image\" alt=\"\" decoding=\"async\" loading=\"lazy\" \/><\/a><\/figure>\t\t<\/div>\n\t\t<div class=\"blog-content\">\n\t\t\t<h3 class=\"entry-title\"><a href=\"https:\/\/sistemas.tic.unam.mx\/index.php\/2023\/11\/27\/siluetas-contra-la-violencia-feminicida\/\">Siluetas contra la violencia feminicida<\/a><\/h3>\n\t\t\t\t\t\t<div class=\"entry-summary\">\n\t\t\t\t<p>\u201cHoy estoy aqu\u00ed, exigiendo justicia para mi prima Leilany Dannae Chamorro de 21 a\u00f1os, quien falleci\u00f3 a manos de su [&hellip;]<\/p>\n\t\t\t<\/div>\n\t\t\t\t\t<\/div>\n\t<\/div>\n\t<\/div><!-- .blog-wrapper -->\n<\/h3><\/div><\/div><\/div><\/div><div id=\"pg-54705-2\" class=\"panel-grid panel-has-style\" data-style=\"{\"><div class=\"siteorigin-panels-stretch panel-row-style panel-row-style-for-54705-2\" data-siteorigin-parallax=\"{\" data-stretch-type=\"full\"><div id=\"pgc-54705-2-0\" class=\"panel-grid-cell\" data-weight=\"0.25\"><div id=\"panel-54705-2-0-0\" class=\"so-panel widget widget_themegrill_flash_counter tg-widget tg-single-counter panel-first-child panel-last-child\" data-index=\"3\" data-style=\"{\"><p><div class=\"fun-facts-section\">\n\t<div class=\"tg-fun-facts-widget \">\n\t\t<div class=\"fun-facts-wrapper\">\n\t\t\t\t\t\t\t\t\t\t\t<\/div>\n\t<\/div>\n<\/div>\n<\/h3><\/div><\/div><div id=\"pgc-54705-2-1\" class=\"panel-grid-cell\" data-weight=\"0.25\"><div id=\"panel-54705-2-1-0\" class=\"so-panel widget widget_themegrill_flash_counter tg-widget tg-single-counter panel-first-child panel-last-child\" data-index=\"4\" data-style=\"{\"><p><div class=\"fun-facts-section\">\n\t<div class=\"tg-fun-facts-widget \">\n\t\t<div class=\"fun-facts-wrapper\">\n\t\t\t\t\t\t\t\t\t\t\t<\/div>\n\t<\/div>\n<\/div>\n<\/h3><\/div><\/div><div id=\"pgc-54705-2-2\" class=\"panel-grid-cell\" data-weight=\"0.25\"><div id=\"panel-54705-2-2-0\" class=\"so-panel widget widget_themegrill_flash_counter tg-widget tg-single-counter panel-first-child panel-last-child\" data-index=\"5\" data-style=\"{\"><p><div class=\"fun-facts-section\">\n\t<div class=\"tg-fun-facts-widget \">\n\t\t<div class=\"fun-facts-wrapper\">\n\t\t\t\t\t\t\t\t\t\t\t<\/div>\n\t<\/div>\n<\/div>\n<\/h3><\/div><\/div><div id=\"pgc-54705-2-3\" class=\"panel-grid-cell\" data-weight=\"0.25\"><div id=\"panel-54705-2-3-0\" class=\"so-panel widget widget_themegrill_flash_counter tg-widget tg-single-counter panel-first-child panel-last-child\" data-index=\"6\" data-style=\"{\"><p><div class=\"fun-facts-section\">\n\t<div class=\"tg-fun-facts-widget \">\n\t\t<div class=\"fun-facts-wrapper\">\n\t\t\t\t\t\t\t\t\t\t\t<\/div>\n\t<\/div>\n<\/div>\n<\/h3><\/div><\/div><\/div><\/div><div id=\"pg-54705-3\" class=\"panel-grid panel-has-style\" data-style=\"{\"><div class=\"siteorigin-panels-stretch panel-row-style panel-row-style-for-54705-3\" data-stretch-type=\"full\"><div id=\"pgc-54705-3-0\" class=\"panel-grid-cell\" data-weight=\"1\"><div id=\"panel-54705-3-0-0\" class=\"so-panel widget widget_themegrill_flash_cta tg-widget call-to-action-section panel-first-child panel-last-child\" data-index=\"7\" data-style=\"{\"><div class=\"panel-widget-style panel-widget-style-for-54705-3-0-0\">\u00a0<\/div><\/div><\/div><\/div><\/div><div id=\"pg-54705-5\" class=\"panel-grid panel-has-style\" data-style=\"{\"><div class=\"panel-row-style panel-row-style-for-54705-5\"><div id=\"pgc-54705-5-0\" class=\"panel-grid-cell\" data-weight=\"1\">\u00a0<\/div><\/div><\/div><\/div><\/div><\/div><\/div><\/div><\/div><\/div><\/div>\t\t\t\t\t<\/div>\n\t\t\t\t\t\t<\/div>\n\t\t\t\t<\/div>\n\t\t\t\t\t\t<\/div>\n\t\t\t\t\t<\/div>\n\t\t<\/header>\n\t\t\t\t\t\t\t\t<\/div>\n\t\t\t\t\t<\/div>\n\t\t<\/section>\n\t\t\t\t\t\t\t\t\t<\/div>\n\t\t\t<\/div>\n\t\t\t\t\t<\/div>\n\t\t","protected":false},"excerpt":{"rendered":"<p>\u00a0\u00a0<\/p>\n","protected":false},"author":1,"featured_media":0,"parent":0,"menu_order":0,"comment_status":"closed","ping_status":"closed","template":"","meta":{"_EventAllDay":false,"_EventTimezone":"","_EventStartDate":"","_EventEndDate":"","_EventStartDateUTC":"","_EventEndDateUTC":"","_EventShowMap":false,"_EventShowMapLink":false,"_EventURL":"","_EventCost":"","_EventCostDescription":"","_EventCurrencySymbol":"","_EventCurrencyCode":"","_EventCurrencyPosition":"","_EventDateTimeSeparator":"","_EventTimeRangeSeparator":"","_EventOrganizerID":[],"_EventVenueID":[],"_OrganizerEmail":"","_OrganizerPhone":"","_OrganizerWebsite":"","_VenueAddress":"","_VenueCity":"","_VenueCountry":"","_VenueProvince":"","_VenueState":"","_VenueZip":"","_VenuePhone":"","_VenueURL":"","_VenueStateProvince":"","_VenueLat":"","_VenueLng":"","_VenueShowMap":false,"_VenueShowMapLink":false},"_links":{"self":[{"href":"https:\/\/sistemas.tic.unam.mx\/index.php\/wp-json\/wp\/v2\/pages\/54705"}],"collection":[{"href":"https:\/\/sistemas.tic.unam.mx\/index.php\/wp-json\/wp\/v2\/pages"}],"about":[{"href":"https:\/\/sistemas.tic.unam.mx\/index.php\/wp-json\/wp\/v2\/types\/page"}],"author":[{"embeddable":true,"href":"https:\/\/sistemas.tic.unam.mx\/index.php\/wp-json\/wp\/v2\/users\/1"}],"replies":[{"embeddable":true,"href":"https:\/\/sistemas.tic.unam.mx\/index.php\/wp-json\/wp\/v2\/comments?post=54705"}],"version-history":[{"count":80,"href":"https:\/\/sistemas.tic.unam.mx\/index.php\/wp-json\/wp\/v2\/pages\/54705\/revisions"}],"predecessor-version":[{"id":56172,"href":"https:\/\/sistemas.tic.unam.mx\/index.php\/wp-json\/wp\/v2\/pages\/54705\/revisions\/56172"}],"wp:attachment":[{"href":"https:\/\/sistemas.tic.unam.mx\/index.php\/wp-json\/wp\/v2\/media?parent=54705"}],"curies":[{"name":"wp","href":"https:\/\/api.w.org\/{rel}","templated":true}]}}