{"id":54942,"date":"2019-05-17T17:44:09","date_gmt":"2019-05-17T17:44:09","guid":{"rendered":"http:\/\/132.248.10.246\/?page_id=54942"},"modified":"2022-02-22T18:13:46","modified_gmt":"2022-02-22T18:13:46","slug":"tienda-software","status":"publish","type":"page","link":"https:\/\/sistemas.tic.unam.mx\/index.php\/tienda-software\/","title":{"rendered":"Tienda de software"},"content":{"rendered":"\t\t<div data-elementor-type=\"wp-post\" data-elementor-id=\"54942\" class=\"elementor elementor-54942\">\n\t\t\t\t\t\t<div class=\"elementor-inner\">\n\t\t\t\t<div class=\"elementor-section-wrap\">\n\t\t\t\t\t\t\t\t\t<section class=\"elementor-section elementor-top-section elementor-element elementor-element-cd67a4e elementor-section-stretched elementor-section-boxed elementor-section-height-default elementor-section-height-default\" data-id=\"cd67a4e\" data-element_type=\"section\" data-settings=\"{&quot;stretch_section&quot;:&quot;section-stretched&quot;}\">\n\t\t\t\t\t\t<div class=\"elementor-container elementor-column-gap-default\">\n\t\t\t\t\t\t\t<div class=\"elementor-row\">\n\t\t\t\t\t<div class=\"elementor-column elementor-col-100 elementor-top-column elementor-element elementor-element-16b4277\" data-id=\"16b4277\" data-element_type=\"column\">\n\t\t\t<div class=\"elementor-column-wrap elementor-element-populated\">\n\t\t\t\t\t\t\t<div class=\"elementor-widget-wrap\">\n\t\t\t\t\t\t<section class=\"elementor-section elementor-inner-section elementor-element elementor-element-42c3ff3 elementor-section-boxed elementor-section-height-default elementor-section-height-default\" data-id=\"42c3ff3\" data-element_type=\"section\">\n\t\t\t\t\t\t<div class=\"elementor-container elementor-column-gap-default\">\n\t\t\t\t\t\t\t<div class=\"elementor-row\">\n\t\t\t\t\t<div class=\"elementor-column elementor-col-66 elementor-inner-column elementor-element elementor-element-5488120\" data-id=\"5488120\" data-element_type=\"column\">\n\t\t\t<div class=\"elementor-column-wrap elementor-element-populated\">\n\t\t\t\t\t\t\t<div class=\"elementor-widget-wrap\">\n\t\t\t\t\t\t<div class=\"elementor-element elementor-element-c0a055a elementor-widget elementor-widget-text-editor\" data-id=\"c0a055a\" data-element_type=\"widget\" data-widget_type=\"text-editor.default\">\n\t\t\t\t<div class=\"elementor-widget-container\">\n\t\t\t\t\t\t\t\t<div class=\"elementor-text-editor elementor-clearfix\">\n\t\t\t\t<h4 dir=\"ltr\"><span style=\"color: #008080;\"><b><span style=\"color: #245897;\">Descripci\u00f3n:<\/span>\u00a0<\/b><\/span><span style=\"font-weight: normal;\">Sistema en l\u00ednea para la descarga de licencias institucionales y consulta de disponibilidad de software en la UNAM.\u00a0<\/span><\/h4><div><h4 dir=\"ltr\" style=\"font-family: 'Work Sans', sans-serif; font-style: normal;\"><span style=\"font-size: 20px; color: #008080;\"><span style=\"color: #245897;\">\u00c1rea responsable:<\/span>\u00a0<\/span><span style=\"font-weight: normal;\">Departamento de Infraestructura<\/span><\/h4><\/div><h4 dir=\"ltr\"><span style=\"color: #008080;\"><b><span style=\"color: #245897;\">Nombre del contacto:<\/span>\u00a0<\/b><\/span><span style=\"font-weight: normal;\">Ing. Justino Pe\u00f1afiel Salinas<\/span><\/h4><h4 dir=\"ltr\"><span style=\"color: #008080;\"><b><span style=\"color: #245897;\">Correo electr\u00f3nico:<\/span>\u00a0<\/b><\/span><span style=\"font-weight: normal;\">jps@unam.mx<\/span><\/h4><h4 dir=\"ltr\"><span style=\"color: #008080;\"><b><span style=\"color: #245897;\">Tel\u00e9fono:<\/span>\u00a0<\/b><\/span><span style=\"font-weight: normal;\">55 5622 8538<\/span><\/h4><h4 dir=\"ltr\"><span style=\"color: #008080;\"><b><span style=\"color: #245897;\">Sitio Web:<\/span>\u00a0<\/b><\/span><a style=\"font-weight: normal;\" href=\"http:\/\/www.software.unam.mx\/\">http:\/\/www.software.unam.mx\/<\/a><\/h4>\t\t\t\t\t<\/div>\n\t\t\t\t\t\t<\/div>\n\t\t\t\t<\/div>\n\t\t\t\t\t\t<\/div>\n\t\t\t\t\t<\/div>\n\t\t<\/div>\n\t\t\t\t<div class=\"elementor-column elementor-col-33 elementor-inner-column elementor-element elementor-element-e88eb6f\" data-id=\"e88eb6f\" data-element_type=\"column\">\n\t\t\t<div class=\"elementor-column-wrap elementor-element-populated\">\n\t\t\t\t\t\t\t<div class=\"elementor-widget-wrap\">\n\t\t\t\t\t\t<div class=\"elementor-element elementor-element-acd2770 elementor-widget elementor-widget-video\" data-id=\"acd2770\" data-element_type=\"widget\" data-settings=\"{&quot;video_type&quot;:&quot;hosted&quot;,&quot;controls&quot;:&quot;yes&quot;}\" data-widget_type=\"video.default\">\n\t\t\t\t<div class=\"elementor-widget-container\">\n\t\t\t\t\t<div class=\"e-hosted-video elementor-wrapper elementor-open-inline\">\n\t\t\t\t\t<video class=\"elementor-video\" src=\"https:\/\/sistemas.tic.unam.mx\/wp-content\/themes\/flash\/video\/Tienda_Software.mp4\" controls=\"\" preload=\"metadata\" controlsList=\"nodownload\"><\/video>\n\t\t\t\t<\/div>\n\t\t\t\t<\/div>\n\t\t\t\t<\/div>\n\t\t\t\t\t\t<\/div>\n\t\t\t\t\t<\/div>\n\t\t<\/div>\n\t\t\t\t\t\t\t\t<\/div>\n\t\t\t\t\t<\/div>\n\t\t<\/section>\n\t\t\t\t<div class=\"elementor-element elementor-element-f0a1eb6 elementor-widget-divider--view-line elementor-widget elementor-widget-divider\" data-id=\"f0a1eb6\" data-element_type=\"widget\" data-widget_type=\"divider.default\">\n\t\t\t\t<div class=\"elementor-widget-container\">\n\t\t\t\t\t<div class=\"elementor-divider\">\n\t\t\t<span class=\"elementor-divider-separator\">\n\t\t\t\t\t\t<\/span>\n\t\t<\/div>\n\t\t\t\t<\/div>\n\t\t\t\t<\/div>\n\t\t\t\t\t\t<\/div>\n\t\t\t\t\t<\/div>\n\t\t<\/div>\n\t\t\t\t\t\t\t\t<\/div>\n\t\t\t\t\t<\/div>\n\t\t<\/section>\n\t\t\t\t<section class=\"elementor-section elementor-top-section elementor-element elementor-element-3e119bd elementor-section-stretched elementor-section-boxed elementor-section-height-default elementor-section-height-default\" data-id=\"3e119bd\" data-element_type=\"section\" data-settings=\"{&quot;stretch_section&quot;:&quot;section-stretched&quot;}\">\n\t\t\t\t\t\t<div class=\"elementor-container elementor-column-gap-default\">\n\t\t\t\t\t\t\t<div class=\"elementor-row\">\n\t\t\t\t\t<div class=\"elementor-column elementor-col-100 elementor-top-column elementor-element elementor-element-7e83884\" data-id=\"7e83884\" data-element_type=\"column\">\n\t\t\t<div class=\"elementor-column-wrap elementor-element-populated\">\n\t\t\t\t\t\t\t<div class=\"elementor-widget-wrap\">\n\t\t\t\t\t\t<section class=\"elementor-section elementor-inner-section elementor-element elementor-element-6b50d45 elementor-section-height-min-height elementor-section-content-bottom elementor-section-boxed elementor-section-height-default\" data-id=\"6b50d45\" data-element_type=\"section\">\n\t\t\t\t\t\t<div class=\"elementor-container elementor-column-gap-default\">\n\t\t\t\t\t\t\t<div class=\"elementor-row\">\n\t\t\t\t\t<div class=\"elementor-column elementor-col-50 elementor-inner-column elementor-element elementor-element-fca359d\" data-id=\"fca359d\" data-element_type=\"column\">\n\t\t\t<div class=\"elementor-column-wrap elementor-element-populated\">\n\t\t\t\t\t\t\t<div class=\"elementor-widget-wrap\">\n\t\t\t\t\t\t<div class=\"elementor-element elementor-element-0ff9953 elementor-widget elementor-widget-text-editor\" data-id=\"0ff9953\" data-element_type=\"widget\" data-widget_type=\"text-editor.default\">\n\t\t\t\t<div class=\"elementor-widget-container\">\n\t\t\t\t\t\t\t\t<div class=\"elementor-text-editor elementor-clearfix\">\n\t\t\t\t<div><div><h1 style=\"text-align: left;\">Aplicabilidad de servicios por tipo de usuario<\/h1><table style=\"width: 76.2741%; height: 130px;\" cellspacing=\"0\" cellpadding=\"0\"><thead><tr style=\"height: 22px;\"><th style=\"height: 22px; width: 20.8847%;\"><span style=\"background-color: #ffffff;\">USUARIO<\/span><\/th><th style=\"height: 22px; width: 13.1064%;\"><span style=\"background-color: #ffffff;\">Disponibilidad<\/span><\/th><th style=\"height: 22px; width: 11.9858%;\"><span style=\"background-color: #ffffff;\">Costos<\/span><\/th><th style=\"height: 22px; width: 20.2847%;\"><span style=\"background-color: #ffffff;\">Restricciones<\/span><\/th><\/tr><\/thead><tbody style=\"background: rgba(128, 192, 255, 0.3); border: 1px solid rgba(200, 100, 0, 0.3);\"><tr style=\"height: 22px;\"><td style=\"height: 22px; width: 20.8847%;\"><h6><strong>Estudiantes UNAM<\/strong><\/h6><\/td><td style=\"height: 22px; width: 13.1064%;\">Si<\/td><td style=\"height: 22px; width: 11.9858%;\">No aplica<\/td><td style=\"height: 22px; width: 20.2847%;\">S\u00f3lo software adquirido de forma central<\/td><\/tr><\/tbody><tbody><tr style=\"height: 22px;\"><td style=\"height: 22px; width: 20.8847%;\"><h6><strong>Acad\u00e9micos UNAM<\/strong><\/h6><\/td><td style=\"height: 22px; width: 13.1064%;\">Si<\/td><td style=\"height: 22px; width: 11.9858%;\">No aplica<\/td><td style=\"height: 22px; width: 20.2847%;\">S\u00f3lo software adquirido de forma central\u00a0<\/td><\/tr><\/tbody><tbody style=\"background: rgba(128, 192, 255, 0.3); border: 1px solid rgba(200, 100, 0, 0.3);\"><tr style=\"height: 22px;\"><td style=\"height: 22px; width: 20.8847%;\"><h6><strong>Entidades y dependencias UNAM<\/strong><\/h6><\/td><td style=\"height: 22px; width: 13.1064%;\">Si<\/td><td style=\"height: 22px; width: 11.9858%;\">No aplica<\/td><td style=\"height: 22px; width: 20.2847%;\">S\u00f3lo software adquirido de forma central\u00a0<\/td><\/tr><\/tbody><tbody><tr><td style=\"height: 42px; width: 20.8847%;\"><h6><strong>P\u00fablico en general y organizaciones externas<\/strong><\/h6><\/td><td style=\"height: 42px; width: 13.1064%;\">No<\/td><td style=\"height: 42px; width: 11.9858%;\">No aplica<\/td><td style=\"height: 42px; width: 20.2847%;\">No aplica\u00a0<\/td><\/tr><\/tbody><\/table><\/div><\/div>\t\t\t\t\t<\/div>\n\t\t\t\t\t\t<\/div>\n\t\t\t\t<\/div>\n\t\t\t\t\t\t<\/div>\n\t\t\t\t\t<\/div>\n\t\t<\/div>\n\t\t\t\t<div class=\"elementor-column elementor-col-50 elementor-inner-column elementor-element elementor-element-ae4b48b\" data-id=\"ae4b48b\" data-element_type=\"column\">\n\t\t\t<div class=\"elementor-column-wrap\">\n\t\t\t\t\t\t\t<div class=\"elementor-widget-wrap\">\n\t\t\t\t\t\t\t\t<\/div>\n\t\t\t\t\t<\/div>\n\t\t<\/div>\n\t\t\t\t\t\t\t\t<\/div>\n\t\t\t\t\t<\/div>\n\t\t<\/section>\n\t\t\t\t\t\t<\/div>\n\t\t\t\t\t<\/div>\n\t\t<\/div>\n\t\t\t\t\t\t\t\t<\/div>\n\t\t\t\t\t<\/div>\n\t\t<\/section>\n\t\t\t\t\t\t\t\t\t<\/div>\n\t\t\t<\/div>\n\t\t\t\t\t<\/div>\n\t\t","protected":false},"excerpt":{"rendered":"<p>Descripci\u00f3n:&nbsp;Sistema en l\u00ednea para la descarga de licencias institucionales y consulta de disponibilidad de software en la UNAM.&nbsp; \u00c1rea responsable:&nbsp;Departamento [&hellip;]<\/p>\n","protected":false},"author":1,"featured_media":0,"parent":0,"menu_order":0,"comment_status":"closed","ping_status":"closed","template":"","meta":{"_EventAllDay":false,"_EventTimezone":"","_EventStartDate":"","_EventEndDate":"","_EventStartDateUTC":"","_EventEndDateUTC":"","_EventShowMap":false,"_EventShowMapLink":false,"_EventURL":"","_EventCost":"","_EventCostDescription":"","_EventCurrencySymbol":"","_EventCurrencyCode":"","_EventCurrencyPosition":"","_EventDateTimeSeparator":"","_EventTimeRangeSeparator":"","_EventOrganizerID":[],"_EventVenueID":[],"_OrganizerEmail":"","_OrganizerPhone":"","_OrganizerWebsite":"","_VenueAddress":"","_VenueCity":"","_VenueCountry":"","_VenueProvince":"","_VenueState":"","_VenueZip":"","_VenuePhone":"","_VenueURL":"","_VenueStateProvince":"","_VenueLat":"","_VenueLng":"","_VenueShowMap":false,"_VenueShowMapLink":false},"_links":{"self":[{"href":"https:\/\/sistemas.tic.unam.mx\/index.php\/wp-json\/wp\/v2\/pages\/54942"}],"collection":[{"href":"https:\/\/sistemas.tic.unam.mx\/index.php\/wp-json\/wp\/v2\/pages"}],"about":[{"href":"https:\/\/sistemas.tic.unam.mx\/index.php\/wp-json\/wp\/v2\/types\/page"}],"author":[{"embeddable":true,"href":"https:\/\/sistemas.tic.unam.mx\/index.php\/wp-json\/wp\/v2\/users\/1"}],"replies":[{"embeddable":true,"href":"https:\/\/sistemas.tic.unam.mx\/index.php\/wp-json\/wp\/v2\/comments?post=54942"}],"version-history":[{"count":21,"href":"https:\/\/sistemas.tic.unam.mx\/index.php\/wp-json\/wp\/v2\/pages\/54942\/revisions"}],"predecessor-version":[{"id":57027,"href":"https:\/\/sistemas.tic.unam.mx\/index.php\/wp-json\/wp\/v2\/pages\/54942\/revisions\/57027"}],"wp:attachment":[{"href":"https:\/\/sistemas.tic.unam.mx\/index.php\/wp-json\/wp\/v2\/media?parent=54942"}],"curies":[{"name":"wp","href":"https:\/\/api.w.org\/{rel}","templated":true}]}}