{"id":54997,"date":"2019-05-17T18:17:30","date_gmt":"2019-05-17T18:17:30","guid":{"rendered":"http:\/\/132.248.10.246\/?page_id=54997"},"modified":"2023-10-26T00:41:43","modified_gmt":"2023-10-26T00:41:43","slug":"administracion-repositorios-digitales","status":"publish","type":"page","link":"https:\/\/sistemas.tic.unam.mx\/index.php\/administracion-repositorios-digitales\/","title":{"rendered":"Administraci\u00f3n de repositorios digitales"},"content":{"rendered":"\t\t<div data-elementor-type=\"wp-post\" data-elementor-id=\"54997\" class=\"elementor elementor-54997\">\n\t\t\t\t\t\t<div class=\"elementor-inner\">\n\t\t\t\t<div class=\"elementor-section-wrap\">\n\t\t\t\t\t\t\t\t\t<section class=\"elementor-section elementor-top-section elementor-element elementor-element-356fbac elementor-section-stretched elementor-section-boxed elementor-section-height-default elementor-section-height-default\" data-id=\"356fbac\" data-element_type=\"section\" data-settings=\"{&quot;stretch_section&quot;:&quot;section-stretched&quot;}\">\n\t\t\t\t\t\t<div class=\"elementor-container elementor-column-gap-default\">\n\t\t\t\t\t\t\t<div class=\"elementor-row\">\n\t\t\t\t\t<div class=\"elementor-column elementor-col-100 elementor-top-column elementor-element elementor-element-68d7e63\" data-id=\"68d7e63\" data-element_type=\"column\">\n\t\t\t<div class=\"elementor-column-wrap elementor-element-populated\">\n\t\t\t\t\t\t\t<div class=\"elementor-widget-wrap\">\n\t\t\t\t\t\t<section class=\"elementor-section elementor-inner-section elementor-element elementor-element-d3a26f1 elementor-section-boxed elementor-section-height-default elementor-section-height-default\" data-id=\"d3a26f1\" data-element_type=\"section\">\n\t\t\t\t\t\t<div class=\"elementor-container elementor-column-gap-default\">\n\t\t\t\t\t\t\t<div class=\"elementor-row\">\n\t\t\t\t\t<div class=\"elementor-column elementor-col-66 elementor-inner-column elementor-element elementor-element-875eb27\" data-id=\"875eb27\" data-element_type=\"column\">\n\t\t\t<div class=\"elementor-column-wrap elementor-element-populated\">\n\t\t\t\t\t\t\t<div class=\"elementor-widget-wrap\">\n\t\t\t\t\t\t<div class=\"elementor-element elementor-element-697dd47 elementor-widget elementor-widget-text-editor\" data-id=\"697dd47\" data-element_type=\"widget\" data-widget_type=\"text-editor.default\">\n\t\t\t\t<div class=\"elementor-widget-container\">\n\t\t\t\t\t\t\t\t<div class=\"elementor-text-editor elementor-clearfix\">\n\t\t\t\t<h4 dir=\"ltr\"><span style=\"color: #008080;\"><b><span style=\"color: #245897;\">Descripci\u00f3n:<\/span>\u00a0<\/b><\/span><span style=\"font-weight: normal;\">Gesti\u00f3n de colecciones de objetos digitales catalogados con est\u00e1ndares internacionales que puedan ser f\u00e1cilmente recuperados.<\/span><\/h4><h4 dir=\"ltr\" style=\"font-family: 'Work Sans', sans-serif; font-style: normal;\"><span style=\"font-size: 20px; color: #245897;\">\u00c1rea responsable: <\/span><span style=\"font-weight: normal;\">\u00a0Departamento de Tecnolog\u00edas Emergentes<\/span><\/h4><h4 dir=\"ltr\"><span style=\"color: #245897;\"><b>Nombre del contacto: <\/b><\/span><span style=\"font-weight: normal;\">Fabi\u00e1n Romo Zamudio<\/span><\/h4><h4 dir=\"ltr\"><span style=\"color: #008080;\"><b><span style=\"color: #245897;\">Correo electr\u00f3nico:<\/span> <\/b><\/span><span style=\"font-weight: normal;\">\u00a0emergentes.tic@unam.mx<\/span><\/h4><h4 dir=\"ltr\"><span style=\"color: #008080;\"><b><span style=\"color: #245897;\">Tel\u00e9fono:<\/span>\u00a0<\/b><\/span><span style=\"font-weight: normal;\">55 5622 8248<\/span><\/h4><h4 dir=\"ltr\"><span style=\"color: #245897;\"><b>Sitio Web:\u00a0<\/b><\/span><\/h4>\t\t\t\t\t<\/div>\n\t\t\t\t\t\t<\/div>\n\t\t\t\t<\/div>\n\t\t\t\t\t\t<\/div>\n\t\t\t\t\t<\/div>\n\t\t<\/div>\n\t\t\t\t<div class=\"elementor-column elementor-col-33 elementor-inner-column elementor-element elementor-element-f2d52c3\" data-id=\"f2d52c3\" data-element_type=\"column\">\n\t\t\t<div class=\"elementor-column-wrap elementor-element-populated\">\n\t\t\t\t\t\t\t<div class=\"elementor-widget-wrap\">\n\t\t\t\t\t\t<div class=\"elementor-element elementor-element-0222e64 elementor-widget elementor-widget-image\" data-id=\"0222e64\" data-element_type=\"widget\" data-widget_type=\"image.default\">\n\t\t\t\t<div class=\"elementor-widget-container\">\n\t\t\t\t\t\t\t\t<div class=\"elementor-image\">\n\t\t\t\t\t\t\t\t\t\t\t\t<img decoding=\"async\" src=\"https:\/\/sistemas.tic.unam.mx\/wp-content\/uploads\/elementor\/thumbs\/publicaciones4-q5vrprlq19dbfkytvftupomqngxbvg3b5tqnuor45g.jpeg\" title=\"publicaciones4\" alt=\"publicaciones4\" loading=\"lazy\" \/>\t\t\t\t\t\t\t\t\t\t\t\t\t\t<\/div>\n\t\t\t\t\t\t<\/div>\n\t\t\t\t<\/div>\n\t\t\t\t\t\t<\/div>\n\t\t\t\t\t<\/div>\n\t\t<\/div>\n\t\t\t\t\t\t\t\t<\/div>\n\t\t\t\t\t<\/div>\n\t\t<\/section>\n\t\t\t\t<div class=\"elementor-element elementor-element-a9f7155 elementor-widget-divider--view-line elementor-widget elementor-widget-divider\" data-id=\"a9f7155\" data-element_type=\"widget\" data-widget_type=\"divider.default\">\n\t\t\t\t<div class=\"elementor-widget-container\">\n\t\t\t\t\t<div class=\"elementor-divider\">\n\t\t\t<span class=\"elementor-divider-separator\">\n\t\t\t\t\t\t<\/span>\n\t\t<\/div>\n\t\t\t\t<\/div>\n\t\t\t\t<\/div>\n\t\t\t\t\t\t<\/div>\n\t\t\t\t\t<\/div>\n\t\t<\/div>\n\t\t\t\t\t\t\t\t<\/div>\n\t\t\t\t\t<\/div>\n\t\t<\/section>\n\t\t\t\t<section class=\"elementor-section elementor-top-section elementor-element elementor-element-811ff2d elementor-section-stretched elementor-section-boxed elementor-section-height-default elementor-section-height-default\" data-id=\"811ff2d\" data-element_type=\"section\" data-settings=\"{&quot;stretch_section&quot;:&quot;section-stretched&quot;}\">\n\t\t\t\t\t\t<div class=\"elementor-container elementor-column-gap-default\">\n\t\t\t\t\t\t\t<div class=\"elementor-row\">\n\t\t\t\t\t<div class=\"elementor-column elementor-col-100 elementor-top-column elementor-element elementor-element-034f5f8\" data-id=\"034f5f8\" data-element_type=\"column\">\n\t\t\t<div class=\"elementor-column-wrap elementor-element-populated\">\n\t\t\t\t\t\t\t<div class=\"elementor-widget-wrap\">\n\t\t\t\t\t\t<section class=\"elementor-section elementor-inner-section elementor-element elementor-element-b172066 elementor-section-height-min-height elementor-section-content-bottom elementor-section-boxed elementor-section-height-default\" data-id=\"b172066\" data-element_type=\"section\">\n\t\t\t\t\t\t<div class=\"elementor-container elementor-column-gap-default\">\n\t\t\t\t\t\t\t<div class=\"elementor-row\">\n\t\t\t\t\t<div class=\"elementor-column elementor-col-50 elementor-inner-column elementor-element elementor-element-57c28fc\" data-id=\"57c28fc\" data-element_type=\"column\">\n\t\t\t<div class=\"elementor-column-wrap elementor-element-populated\">\n\t\t\t\t\t\t\t<div class=\"elementor-widget-wrap\">\n\t\t\t\t\t\t<div class=\"elementor-element elementor-element-ed4a361 elementor-widget elementor-widget-text-editor\" data-id=\"ed4a361\" data-element_type=\"widget\" data-widget_type=\"text-editor.default\">\n\t\t\t\t<div class=\"elementor-widget-container\">\n\t\t\t\t\t\t\t\t<div class=\"elementor-text-editor elementor-clearfix\">\n\t\t\t\t<div><div><h1 style=\"text-align: left;\">Aplicabilidad de servicios por tipo de usuario<\/h1><table style=\"width: 76.2741%; height: 130px;\" cellspacing=\"0\" cellpadding=\"0\"><thead><tr style=\"height: 22px;\"><th style=\"height: 22px; width: 20.8847%;\"><span style=\"background-color: #ffffff;\">USUARIO<\/span><\/th><th style=\"height: 22px; width: 13.1064%;\"><span style=\"background-color: #ffffff;\">Disponibilidad<\/span><\/th><th style=\"height: 22px; width: 11.9858%;\"><span style=\"background-color: #ffffff;\">Costos<\/span><\/th><th style=\"height: 22px; width: 20.2847%;\"><span style=\"background-color: #ffffff;\">Restricciones<\/span><\/th><\/tr><\/thead><tbody style=\"background: rgba(128, 192, 255, 0.3); border: 1px solid rgba(200, 100, 0, 0.3);\"><tr style=\"height: 22px;\"><td style=\"height: 22px; width: 20.8847%;\"><h6><strong>Estudiantes UNAM<\/strong><\/h6><\/td><td style=\"height: 22px; width: 13.1064%;\">Si<\/td><td style=\"height: 22px; width: 11.9858%;\">No aplica<\/td><td style=\"height: 22px; width: 20.2847%;\">Solo consulta<\/td><\/tr><\/tbody><tbody><tr style=\"height: 22px;\"><td style=\"height: 22px; width: 20.8847%;\"><h6><strong>Acad\u00e9micos UNAM<\/strong><\/h6><\/td><td style=\"height: 22px; width: 13.1064%;\">Si<\/td><td style=\"height: 22px; width: 11.9858%;\">En funci\u00f3n de la publicaci\u00f3n requerida<\/td><td style=\"height: 22px; width: 20.2847%;\">Limitado a proyectos institucionales de docencia e investigaci\u00f3n<\/td><\/tr><\/tbody><tbody style=\"background: rgba(128, 192, 255, 0.3); border: 1px solid rgba(200, 100, 0, 0.3);\"><tr style=\"height: 22px;\"><td style=\"height: 22px; width: 20.8847%;\"><h6><strong>Entidades y dependencias UNAM<\/strong><\/h6><\/td><td style=\"height: 22px; width: 13.1064%;\">Si<\/td><td style=\"height: 22px; width: 11.9858%;\">En funci\u00f3n de la publicaci\u00f3n requerida<\/td><td style=\"height: 22px; width: 20.2847%;\">Limitado a proyectos institucionales de docencia, investigaci\u00f3n y difusi\u00f3n con bases de colaboraci\u00f3n<\/td><\/tr><\/tbody><tbody><tr><td style=\"height: 42px; width: 20.8847%;\"><h6><strong>P\u00fablico en general y organizaciones externas<\/strong><\/h6><\/td><td style=\"height: 42px; width: 13.1064%;\">Si<\/td><td style=\"height: 42px; width: 11.9858%;\">En funci\u00f3n de la publicaci\u00f3n requerida<\/td><td style=\"height: 42px; width: 20.2847%;\">Limitado a proyectos institucionales de docencia, investigaci\u00f3n y difusi\u00f3n con convenio de colaboraci\u00f3n<\/td><\/tr><\/tbody><\/table><\/div><\/div>\t\t\t\t\t<\/div>\n\t\t\t\t\t\t<\/div>\n\t\t\t\t<\/div>\n\t\t\t\t\t\t<\/div>\n\t\t\t\t\t<\/div>\n\t\t<\/div>\n\t\t\t\t<div class=\"elementor-column elementor-col-50 elementor-inner-column elementor-element elementor-element-18bd494\" data-id=\"18bd494\" data-element_type=\"column\">\n\t\t\t<div class=\"elementor-column-wrap\">\n\t\t\t\t\t\t\t<div class=\"elementor-widget-wrap\">\n\t\t\t\t\t\t\t\t<\/div>\n\t\t\t\t\t<\/div>\n\t\t<\/div>\n\t\t\t\t\t\t\t\t<\/div>\n\t\t\t\t\t<\/div>\n\t\t<\/section>\n\t\t\t\t\t\t<\/div>\n\t\t\t\t\t<\/div>\n\t\t<\/div>\n\t\t\t\t\t\t\t\t<\/div>\n\t\t\t\t\t<\/div>\n\t\t<\/section>\n\t\t\t\t\t\t\t\t\t<\/div>\n\t\t\t<\/div>\n\t\t\t\t\t<\/div>\n\t\t","protected":false},"excerpt":{"rendered":"<p>Descripci\u00f3n:\u00a0Gesti\u00f3n de colecciones de objetos digitales catalogados con est\u00e1ndares internacionales que puedan ser f\u00e1cilmente recuperados. \u00c1rea responsable: \u00a0Departamento de Tecnolog\u00edas [&hellip;]<\/p>\n","protected":false},"author":1,"featured_media":0,"parent":0,"menu_order":0,"comment_status":"closed","ping_status":"closed","template":"","meta":{"_EventAllDay":false,"_EventTimezone":"","_EventStartDate":"","_EventEndDate":"","_EventStartDateUTC":"","_EventEndDateUTC":"","_EventShowMap":false,"_EventShowMapLink":false,"_EventURL":"","_EventCost":"","_EventCostDescription":"","_EventCurrencySymbol":"","_EventCurrencyCode":"","_EventCurrencyPosition":"","_EventDateTimeSeparator":"","_EventTimeRangeSeparator":"","_EventOrganizerID":[],"_EventVenueID":[],"_OrganizerEmail":"","_OrganizerPhone":"","_OrganizerWebsite":"","_VenueAddress":"","_VenueCity":"","_VenueCountry":"","_VenueProvince":"","_VenueState":"","_VenueZip":"","_VenuePhone":"","_VenueURL":"","_VenueStateProvince":"","_VenueLat":"","_VenueLng":"","_VenueShowMap":false,"_VenueShowMapLink":false},"_links":{"self":[{"href":"https:\/\/sistemas.tic.unam.mx\/index.php\/wp-json\/wp\/v2\/pages\/54997"}],"collection":[{"href":"https:\/\/sistemas.tic.unam.mx\/index.php\/wp-json\/wp\/v2\/pages"}],"about":[{"href":"https:\/\/sistemas.tic.unam.mx\/index.php\/wp-json\/wp\/v2\/types\/page"}],"author":[{"embeddable":true,"href":"https:\/\/sistemas.tic.unam.mx\/index.php\/wp-json\/wp\/v2\/users\/1"}],"replies":[{"embeddable":true,"href":"https:\/\/sistemas.tic.unam.mx\/index.php\/wp-json\/wp\/v2\/comments?post=54997"}],"version-history":[{"count":30,"href":"https:\/\/sistemas.tic.unam.mx\/index.php\/wp-json\/wp\/v2\/pages\/54997\/revisions"}],"predecessor-version":[{"id":58172,"href":"https:\/\/sistemas.tic.unam.mx\/index.php\/wp-json\/wp\/v2\/pages\/54997\/revisions\/58172"}],"wp:attachment":[{"href":"https:\/\/sistemas.tic.unam.mx\/index.php\/wp-json\/wp\/v2\/media?parent=54997"}],"curies":[{"name":"wp","href":"https:\/\/api.w.org\/{rel}","templated":true}]}}