{"id":55298,"date":"2019-05-30T22:09:12","date_gmt":"2019-05-30T22:09:12","guid":{"rendered":"http:\/\/132.248.10.246\/?page_id=55298"},"modified":"2022-02-22T18:03:49","modified_gmt":"2022-02-22T18:03:49","slug":"listas-de-distribucion","status":"publish","type":"page","link":"https:\/\/sistemas.tic.unam.mx\/index.php\/listas-de-distribucion\/","title":{"rendered":"Listas de distribuci\u00f3n"},"content":{"rendered":"\t\t<div data-elementor-type=\"wp-post\" data-elementor-id=\"55298\" class=\"elementor elementor-55298\">\n\t\t\t\t\t\t<div class=\"elementor-inner\">\n\t\t\t\t<div class=\"elementor-section-wrap\">\n\t\t\t\t\t\t\t\t\t<section class=\"elementor-section elementor-top-section elementor-element elementor-element-c54f02d elementor-section-stretched elementor-section-boxed elementor-section-height-default elementor-section-height-default\" data-id=\"c54f02d\" data-element_type=\"section\" data-settings=\"{&quot;stretch_section&quot;:&quot;section-stretched&quot;}\">\n\t\t\t\t\t\t<div class=\"elementor-container elementor-column-gap-default\">\n\t\t\t\t\t\t\t<div class=\"elementor-row\">\n\t\t\t\t\t<div class=\"elementor-column elementor-col-100 elementor-top-column elementor-element elementor-element-f92e01b\" data-id=\"f92e01b\" data-element_type=\"column\">\n\t\t\t<div class=\"elementor-column-wrap elementor-element-populated\">\n\t\t\t\t\t\t\t<div class=\"elementor-widget-wrap\">\n\t\t\t\t\t\t<section class=\"elementor-section elementor-inner-section elementor-element elementor-element-e397934 elementor-section-boxed elementor-section-height-default elementor-section-height-default\" data-id=\"e397934\" data-element_type=\"section\">\n\t\t\t\t\t\t<div class=\"elementor-container elementor-column-gap-default\">\n\t\t\t\t\t\t\t<div class=\"elementor-row\">\n\t\t\t\t\t<div class=\"elementor-column elementor-col-66 elementor-inner-column elementor-element elementor-element-adfe38a\" data-id=\"adfe38a\" data-element_type=\"column\">\n\t\t\t<div class=\"elementor-column-wrap elementor-element-populated\">\n\t\t\t\t\t\t\t<div class=\"elementor-widget-wrap\">\n\t\t\t\t\t\t<div class=\"elementor-element elementor-element-b0e417f elementor-widget elementor-widget-text-editor\" data-id=\"b0e417f\" data-element_type=\"widget\" data-widget_type=\"text-editor.default\">\n\t\t\t\t<div class=\"elementor-widget-container\">\n\t\t\t\t\t\t\t\t<div class=\"elementor-text-editor elementor-clearfix\">\n\t\t\t\t<h4 dir=\"ltr\"><span style=\"color: #008080;\"><b><span style=\"color: #245897;\">Descripci\u00f3n:<\/span>\u00a0<\/b><\/span><span style=\"font-weight: normal;\">Recurso para el env\u00edo masivo de correos electr\u00f3nicos a trav\u00e9s de una direcci\u00f3n de correo en el dominio @servidor.unam.mx.<\/span><\/h4><div><h4 dir=\"ltr\" style=\"font-family: 'Work Sans', sans-serif; font-style: normal;\"><span style=\"font-size: 20px; color: #008080;\"><span style=\"color: #245897;\">\u00c1rea responsable:<\/span>\u00a0<\/span><span style=\"font-weight: normal;\">Departamento de Centro de Datos<\/span><\/h4><\/div><h4 dir=\"ltr\"><span style=\"color: #008080;\"><b><span style=\"color: #245897;\">Nombre del contacto:<\/span>\u00a0<\/b><\/span><span style=\"font-weight: normal;\">Ing. Pedro Bautista Fern\u00e1ndez<\/span><\/h4><h4 dir=\"ltr\"><span style=\"color: #008080;\"><b><span style=\"color: #245897;\">Correo electr\u00f3nico:<\/span>\u00a0<\/b><\/span><span style=\"font-weight: normal;\">pbautista@unam.mx<\/span><\/h4><h4 dir=\"ltr\"><span style=\"color: #245897;\"><b>Tel\u00e9fono:\u00a0<\/b><\/span><span style=\"font-weight: normal;\">55 5622 8891<\/span><\/h4><h4 dir=\"ltr\"><span style=\"color: #008080;\"><b><span style=\"color: #245897;\">Sitio Web:<\/span>\u00a0<\/b><\/span><\/h4>\t\t\t\t\t<\/div>\n\t\t\t\t\t\t<\/div>\n\t\t\t\t<\/div>\n\t\t\t\t\t\t<\/div>\n\t\t\t\t\t<\/div>\n\t\t<\/div>\n\t\t\t\t<div class=\"elementor-column elementor-col-33 elementor-inner-column elementor-element elementor-element-42dda6b\" data-id=\"42dda6b\" data-element_type=\"column\">\n\t\t\t<div class=\"elementor-column-wrap elementor-element-populated\">\n\t\t\t\t\t\t\t<div class=\"elementor-widget-wrap\">\n\t\t\t\t\t\t<div class=\"elementor-element elementor-element-43bbf36 elementor-widget elementor-widget-video\" data-id=\"43bbf36\" data-element_type=\"widget\" data-settings=\"{&quot;video_type&quot;:&quot;hosted&quot;,&quot;controls&quot;:&quot;yes&quot;}\" data-widget_type=\"video.default\">\n\t\t\t\t<div class=\"elementor-widget-container\">\n\t\t\t\t\t<div class=\"e-hosted-video elementor-wrapper elementor-open-inline\">\n\t\t\t\t\t<video class=\"elementor-video\" src=\"https:\/\/sistemas.tic.unam.mx\/wp-content\/themes\/flash\/video\/lista_distribucion_dominio.mp4\" controls=\"\" preload=\"metadata\" controlsList=\"nodownload\"><\/video>\n\t\t\t\t<\/div>\n\t\t\t\t<\/div>\n\t\t\t\t<\/div>\n\t\t\t\t\t\t<\/div>\n\t\t\t\t\t<\/div>\n\t\t<\/div>\n\t\t\t\t\t\t\t\t<\/div>\n\t\t\t\t\t<\/div>\n\t\t<\/section>\n\t\t\t\t<div class=\"elementor-element elementor-element-542008a elementor-widget-divider--view-line elementor-widget elementor-widget-divider\" data-id=\"542008a\" data-element_type=\"widget\" data-widget_type=\"divider.default\">\n\t\t\t\t<div class=\"elementor-widget-container\">\n\t\t\t\t\t<div class=\"elementor-divider\">\n\t\t\t<span class=\"elementor-divider-separator\">\n\t\t\t\t\t\t<\/span>\n\t\t<\/div>\n\t\t\t\t<\/div>\n\t\t\t\t<\/div>\n\t\t\t\t\t\t<\/div>\n\t\t\t\t\t<\/div>\n\t\t<\/div>\n\t\t\t\t\t\t\t\t<\/div>\n\t\t\t\t\t<\/div>\n\t\t<\/section>\n\t\t\t\t<section class=\"elementor-section elementor-top-section elementor-element elementor-element-f5bc8ec elementor-section-stretched elementor-section-boxed elementor-section-height-default elementor-section-height-default\" data-id=\"f5bc8ec\" data-element_type=\"section\" data-settings=\"{&quot;stretch_section&quot;:&quot;section-stretched&quot;}\">\n\t\t\t\t\t\t<div class=\"elementor-container elementor-column-gap-default\">\n\t\t\t\t\t\t\t<div class=\"elementor-row\">\n\t\t\t\t\t<div class=\"elementor-column elementor-col-100 elementor-top-column elementor-element elementor-element-aa0b1b3\" data-id=\"aa0b1b3\" data-element_type=\"column\">\n\t\t\t<div class=\"elementor-column-wrap elementor-element-populated\">\n\t\t\t\t\t\t\t<div class=\"elementor-widget-wrap\">\n\t\t\t\t\t\t<section class=\"elementor-section elementor-inner-section elementor-element elementor-element-e609197 elementor-section-height-min-height elementor-section-content-bottom elementor-section-boxed elementor-section-height-default\" data-id=\"e609197\" data-element_type=\"section\">\n\t\t\t\t\t\t<div class=\"elementor-container elementor-column-gap-default\">\n\t\t\t\t\t\t\t<div class=\"elementor-row\">\n\t\t\t\t\t<div class=\"elementor-column elementor-col-50 elementor-inner-column elementor-element elementor-element-9628a5b\" data-id=\"9628a5b\" data-element_type=\"column\">\n\t\t\t<div class=\"elementor-column-wrap elementor-element-populated\">\n\t\t\t\t\t\t\t<div class=\"elementor-widget-wrap\">\n\t\t\t\t\t\t<div class=\"elementor-element elementor-element-47900e6 elementor-widget elementor-widget-text-editor\" data-id=\"47900e6\" data-element_type=\"widget\" data-widget_type=\"text-editor.default\">\n\t\t\t\t<div class=\"elementor-widget-container\">\n\t\t\t\t\t\t\t\t<div class=\"elementor-text-editor elementor-clearfix\">\n\t\t\t\t<div><div><h1 style=\"text-align: left;\">Aplicabilidad de servicios por tipo de usuario<\/h1><table style=\"width: 76.2741%; height: 130px;\" cellspacing=\"0\" cellpadding=\"0\"><thead><tr style=\"height: 22px;\"><th style=\"height: 22px; width: 20.8847%;\"><span style=\"background-color: #ffffff;\">USUARIO<\/span><\/th><th style=\"height: 22px; width: 13.1064%;\"><span style=\"background-color: #ffffff;\">Disponibilidad<\/span><\/th><th style=\"height: 22px; width: 11.9858%;\"><span style=\"background-color: #ffffff;\">Costos<\/span><\/th><th style=\"height: 22px; width: 20.2847%;\"><span style=\"background-color: #ffffff;\">Restricciones<\/span><\/th><\/tr><\/thead><tbody style=\"background: rgba(128, 192, 255, 0.3); border: 1px solid rgba(200, 100, 0, 0.3);\"><tr style=\"height: 22px;\"><td style=\"height: 22px; width: 20.8847%;\"><h6><strong>Estudiantes UNAM<\/strong><\/h6><\/td><td style=\"height: 22px; width: 13.1064%;\">Si<\/td><td style=\"height: 22px; width: 11.9858%;\">No\u00a0<\/td><td style=\"height: 22px; width: 20.2847%;\">Solo mediante aceptaci\u00f3n de suscripci\u00f3n a lista<\/td><\/tr><\/tbody><tbody><tr style=\"height: 22px;\"><td style=\"height: 22px; width: 20.8847%;\"><h6><strong>Acad\u00e9micos UNAM <\/strong><\/h6><\/td><td style=\"height: 22px; width: 13.1064%;\">Si<\/td><td style=\"height: 22px; width: 11.9858%;\">No\u00a0<\/td><td style=\"height: 22px; width: 20.2847%;\">Solo mediante aceptaci\u00f3n de suscripci\u00f3n a lista<\/td><\/tr><\/tbody><tbody style=\"background: rgba(128, 192, 255, 0.3); border: 1px solid rgba(200, 100, 0, 0.3);\"><tr style=\"height: 22px;\"><td style=\"height: 22px; width: 20.8847%;\"><h6><strong>Entidades y dependencias UNAM<\/strong><\/h6><\/td><td style=\"height: 22px; width: 13.1064%;\">Si<\/td><td style=\"height: 22px; width: 11.9858%;\">No\u00a0<\/td><td style=\"height: 22px; width: 20.2847%;\">Sujeto a pol\u00edticas de privacidad de los usuarios de @unam.mx<\/td><\/tr><\/tbody><tbody><tr><td style=\"height: 42px; width: 20.8847%;\"><h6><strong>P\u00fablico en general y organizaciones externas<\/strong><\/h6><\/td><td style=\"height: 42px; width: 13.1064%;\">No<\/td><td style=\"height: 42px; width: 11.9858%;\">No aplica<\/td><td style=\"height: 42px; width: 20.2847%;\">No aplica\u00a0<\/td><\/tr><\/tbody><\/table><\/div><\/div>\t\t\t\t\t<\/div>\n\t\t\t\t\t\t<\/div>\n\t\t\t\t<\/div>\n\t\t\t\t\t\t<\/div>\n\t\t\t\t\t<\/div>\n\t\t<\/div>\n\t\t\t\t<div class=\"elementor-column elementor-col-50 elementor-inner-column elementor-element elementor-element-c2190c2\" data-id=\"c2190c2\" data-element_type=\"column\">\n\t\t\t<div class=\"elementor-column-wrap\">\n\t\t\t\t\t\t\t<div class=\"elementor-widget-wrap\">\n\t\t\t\t\t\t\t\t<\/div>\n\t\t\t\t\t<\/div>\n\t\t<\/div>\n\t\t\t\t\t\t\t\t<\/div>\n\t\t\t\t\t<\/div>\n\t\t<\/section>\n\t\t\t\t\t\t<\/div>\n\t\t\t\t\t<\/div>\n\t\t<\/div>\n\t\t\t\t\t\t\t\t<\/div>\n\t\t\t\t\t<\/div>\n\t\t<\/section>\n\t\t\t\t\t\t\t\t\t<\/div>\n\t\t\t<\/div>\n\t\t\t\t\t<\/div>\n\t\t","protected":false},"excerpt":{"rendered":"<p>Descripci\u00f3n:&nbsp;Recurso para el env\u00edo masivo de correos electr\u00f3nicos a trav\u00e9s de una direcci\u00f3n de correo en el dominio @servidor.unam.mx. \u00c1rea [&hellip;]<\/p>\n","protected":false},"author":1,"featured_media":0,"parent":0,"menu_order":0,"comment_status":"closed","ping_status":"closed","template":"","meta":{"_EventAllDay":false,"_EventTimezone":"","_EventStartDate":"","_EventEndDate":"","_EventStartDateUTC":"","_EventEndDateUTC":"","_EventShowMap":false,"_EventShowMapLink":false,"_EventURL":"","_EventCost":"","_EventCostDescription":"","_EventCurrencySymbol":"","_EventCurrencyCode":"","_EventCurrencyPosition":"","_EventDateTimeSeparator":"","_EventTimeRangeSeparator":"","_EventOrganizerID":[],"_EventVenueID":[],"_OrganizerEmail":"","_OrganizerPhone":"","_OrganizerWebsite":"","_VenueAddress":"","_VenueCity":"","_VenueCountry":"","_VenueProvince":"","_VenueState":"","_VenueZip":"","_VenuePhone":"","_VenueURL":"","_VenueStateProvince":"","_VenueLat":"","_VenueLng":"","_VenueShowMap":false,"_VenueShowMapLink":false},"_links":{"self":[{"href":"https:\/\/sistemas.tic.unam.mx\/index.php\/wp-json\/wp\/v2\/pages\/55298"}],"collection":[{"href":"https:\/\/sistemas.tic.unam.mx\/index.php\/wp-json\/wp\/v2\/pages"}],"about":[{"href":"https:\/\/sistemas.tic.unam.mx\/index.php\/wp-json\/wp\/v2\/types\/page"}],"author":[{"embeddable":true,"href":"https:\/\/sistemas.tic.unam.mx\/index.php\/wp-json\/wp\/v2\/users\/1"}],"replies":[{"embeddable":true,"href":"https:\/\/sistemas.tic.unam.mx\/index.php\/wp-json\/wp\/v2\/comments?post=55298"}],"version-history":[{"count":12,"href":"https:\/\/sistemas.tic.unam.mx\/index.php\/wp-json\/wp\/v2\/pages\/55298\/revisions"}],"predecessor-version":[{"id":57021,"href":"https:\/\/sistemas.tic.unam.mx\/index.php\/wp-json\/wp\/v2\/pages\/55298\/revisions\/57021"}],"wp:attachment":[{"href":"https:\/\/sistemas.tic.unam.mx\/index.php\/wp-json\/wp\/v2\/media?parent=55298"}],"curies":[{"name":"wp","href":"https:\/\/api.w.org\/{rel}","templated":true}]}}