{"id":55349,"date":"2019-06-05T16:39:41","date_gmt":"2019-06-05T16:39:41","guid":{"rendered":"http:\/\/132.248.10.246\/?page_id=55349"},"modified":"2023-04-24T23:02:12","modified_gmt":"2023-04-24T23:02:12","slug":"asesoria-implementacion-sistemas","status":"publish","type":"page","link":"https:\/\/sistemas.tic.unam.mx\/index.php\/asesoria-implementacion-sistemas\/","title":{"rendered":"Asesor\u00eda en implementaci\u00f3n de Sistemas de Gesti\u00f3n relacionados con la Seguridad de la Informaci\u00f3n"},"content":{"rendered":"\t\t<div data-elementor-type=\"wp-post\" data-elementor-id=\"55349\" class=\"elementor elementor-55349\">\n\t\t\t\t\t\t<div class=\"elementor-inner\">\n\t\t\t\t<div class=\"elementor-section-wrap\">\n\t\t\t\t\t\t\t\t\t<section class=\"elementor-section elementor-top-section elementor-element elementor-element-57520b7 elementor-section-stretched elementor-section-boxed elementor-section-height-default elementor-section-height-default\" data-id=\"57520b7\" data-element_type=\"section\" data-settings=\"{&quot;stretch_section&quot;:&quot;section-stretched&quot;}\">\n\t\t\t\t\t\t<div class=\"elementor-container elementor-column-gap-default\">\n\t\t\t\t\t\t\t<div class=\"elementor-row\">\n\t\t\t\t\t<div class=\"elementor-column elementor-col-100 elementor-top-column elementor-element elementor-element-77177e2\" data-id=\"77177e2\" data-element_type=\"column\">\n\t\t\t<div class=\"elementor-column-wrap elementor-element-populated\">\n\t\t\t\t\t\t\t<div class=\"elementor-widget-wrap\">\n\t\t\t\t\t\t<section class=\"elementor-section elementor-inner-section elementor-element elementor-element-54b46ee elementor-section-boxed elementor-section-height-default elementor-section-height-default\" data-id=\"54b46ee\" data-element_type=\"section\">\n\t\t\t\t\t\t<div class=\"elementor-container elementor-column-gap-default\">\n\t\t\t\t\t\t\t<div class=\"elementor-row\">\n\t\t\t\t\t<div class=\"elementor-column elementor-col-66 elementor-inner-column elementor-element elementor-element-04fbdc4\" data-id=\"04fbdc4\" data-element_type=\"column\">\n\t\t\t<div class=\"elementor-column-wrap elementor-element-populated\">\n\t\t\t\t\t\t\t<div class=\"elementor-widget-wrap\">\n\t\t\t\t\t\t<div class=\"elementor-element elementor-element-841617a elementor-widget elementor-widget-text-editor\" data-id=\"841617a\" data-element_type=\"widget\" data-widget_type=\"text-editor.default\">\n\t\t\t\t<div class=\"elementor-widget-container\">\n\t\t\t\t\t\t\t\t<div class=\"elementor-text-editor elementor-clearfix\">\n\t\t\t\t<h4 dir=\"ltr\"><span style=\"color: #008080;\"><b><span style=\"color: #245897;\">Descripci\u00f3n:<\/span> <\/b><\/span><span style=\"font-weight: normal;\">Asesor\u00eda y supervisi\u00f3n en la implementaci\u00f3n de Sistemas de Gesti\u00f3n de Seguridad de la Informaci\u00f3n, en entidades y dependencias universitarias, bajo el est\u00e1ndar ISO 27001.<\/span><\/h4><div><h4 dir=\"ltr\" style=\"font-family: 'Work Sans', sans-serif; font-style: normal;\"><span style=\"font-size: 20px; color: #008080;\"><span style=\"color: #245897;\">\u00c1rea responsable:<\/span>\u00a0<\/span><span style=\"font-weight: normal;\">Coordinaci\u00f3n de Seguridad de la Informaci\u00f3n.<\/span><\/h4><\/div><h4 dir=\"ltr\" style=\"font-family: 'Work Sans', sans-serif; font-style: normal;\"><span style=\"font-size: 20px; color: #008080;\"><span style=\"color: #245897;\">Nombre del contacto:<\/span> <\/span><span style=\"font-weight: normal;\">M.T.I.A. Esther Lugo Rojas y M.I. Adriana Cruz Garc\u00eda<\/span><\/h4><h4 dir=\"ltr\" style=\"font-family: 'Work Sans', sans-serif; font-style: normal;\"><span style=\"font-size: 20px; color: #008080;\"><span style=\"color: #245897;\">Correo electr\u00f3nico:<\/span> <\/span><span style=\"font-weight: normal;\">csi.auditor@unam.mx y auditor@cert.unam.mx \u00a0<\/span><\/h4><h4 dir=\"ltr\"><span style=\"color: #008080;\"><b><span style=\"color: #245897;\">Tel\u00e9fono:<\/span>\u00a0<\/b><\/span><span style=\"font-weight: normal;\">55 5622 8169<\/span><\/h4><h4 dir=\"ltr\"><span style=\"color: #008080;\"><b><span style=\"color: #245897;\">Sitio Web:<\/span><a href=\"http:\/\/www.seguridad.unam.mx\/index.html\">\u00a0<\/a><\/b><\/span><a style=\"font-weight: normal;\" href=\"http:\/\/www.seguridad.unam.mx\/index.html\">http:\/\/www.seguridad.unam.mx\/<\/a><\/h4>\t\t\t\t\t<\/div>\n\t\t\t\t\t\t<\/div>\n\t\t\t\t<\/div>\n\t\t\t\t\t\t<\/div>\n\t\t\t\t\t<\/div>\n\t\t<\/div>\n\t\t\t\t<div class=\"elementor-column elementor-col-33 elementor-inner-column elementor-element elementor-element-2ab1b55\" data-id=\"2ab1b55\" data-element_type=\"column\">\n\t\t\t<div class=\"elementor-column-wrap elementor-element-populated\">\n\t\t\t\t\t\t\t<div class=\"elementor-widget-wrap\">\n\t\t\t\t\t\t<div class=\"elementor-element elementor-element-64cd599 elementor-widget elementor-widget-video\" data-id=\"64cd599\" data-element_type=\"widget\" data-settings=\"{&quot;video_type&quot;:&quot;hosted&quot;,&quot;controls&quot;:&quot;yes&quot;}\" data-widget_type=\"video.default\">\n\t\t\t\t<div class=\"elementor-widget-container\">\n\t\t\t\t\t<div class=\"e-hosted-video elementor-wrapper elementor-open-inline\">\n\t\t\t\t\t<video class=\"elementor-video\" src=\"https:\/\/sistemas.tic.unam.mx\/wp-content\/themes\/flash\/video\/Asesoria_implementacion_estandar_ISO27001.mp4\" controls=\"\" preload=\"metadata\" controlsList=\"nodownload\"><\/video>\n\t\t\t\t<\/div>\n\t\t\t\t<\/div>\n\t\t\t\t<\/div>\n\t\t\t\t\t\t<\/div>\n\t\t\t\t\t<\/div>\n\t\t<\/div>\n\t\t\t\t\t\t\t\t<\/div>\n\t\t\t\t\t<\/div>\n\t\t<\/section>\n\t\t\t\t<div class=\"elementor-element elementor-element-a9a54bc elementor-widget-divider--view-line elementor-widget elementor-widget-divider\" data-id=\"a9a54bc\" data-element_type=\"widget\" data-widget_type=\"divider.default\">\n\t\t\t\t<div class=\"elementor-widget-container\">\n\t\t\t\t\t<div class=\"elementor-divider\">\n\t\t\t<span class=\"elementor-divider-separator\">\n\t\t\t\t\t\t<\/span>\n\t\t<\/div>\n\t\t\t\t<\/div>\n\t\t\t\t<\/div>\n\t\t\t\t\t\t<\/div>\n\t\t\t\t\t<\/div>\n\t\t<\/div>\n\t\t\t\t\t\t\t\t<\/div>\n\t\t\t\t\t<\/div>\n\t\t<\/section>\n\t\t\t\t<section class=\"elementor-section elementor-top-section elementor-element elementor-element-8c14bd3 elementor-section-stretched elementor-section-boxed elementor-section-height-default elementor-section-height-default\" data-id=\"8c14bd3\" data-element_type=\"section\" data-settings=\"{&quot;stretch_section&quot;:&quot;section-stretched&quot;}\">\n\t\t\t\t\t\t<div class=\"elementor-container elementor-column-gap-default\">\n\t\t\t\t\t\t\t<div class=\"elementor-row\">\n\t\t\t\t\t<div class=\"elementor-column elementor-col-100 elementor-top-column elementor-element elementor-element-2dc3a03\" data-id=\"2dc3a03\" data-element_type=\"column\">\n\t\t\t<div class=\"elementor-column-wrap elementor-element-populated\">\n\t\t\t\t\t\t\t<div class=\"elementor-widget-wrap\">\n\t\t\t\t\t\t<section class=\"elementor-section elementor-inner-section elementor-element elementor-element-c04c7ac elementor-section-height-min-height elementor-section-content-bottom elementor-section-boxed elementor-section-height-default\" data-id=\"c04c7ac\" data-element_type=\"section\">\n\t\t\t\t\t\t<div class=\"elementor-container elementor-column-gap-default\">\n\t\t\t\t\t\t\t<div class=\"elementor-row\">\n\t\t\t\t\t<div class=\"elementor-column elementor-col-50 elementor-inner-column elementor-element elementor-element-d98ed26\" data-id=\"d98ed26\" data-element_type=\"column\">\n\t\t\t<div class=\"elementor-column-wrap elementor-element-populated\">\n\t\t\t\t\t\t\t<div class=\"elementor-widget-wrap\">\n\t\t\t\t\t\t<div class=\"elementor-element elementor-element-22fee87 elementor-widget elementor-widget-text-editor\" data-id=\"22fee87\" data-element_type=\"widget\" data-widget_type=\"text-editor.default\">\n\t\t\t\t<div class=\"elementor-widget-container\">\n\t\t\t\t\t\t\t\t<div class=\"elementor-text-editor elementor-clearfix\">\n\t\t\t\t<div><div><h1 style=\"text-align: left;\">Aplicabilidad de servicios por tipo de usuario<\/h1><table style=\"width: 76.2741%; height: 130px;\" cellspacing=\"0\" cellpadding=\"0\"><thead><tr style=\"height: 22px;\"><th style=\"height: 22px; width: 20.8847%;\"><span style=\"background-color: #ffffff;\">USUARIO<\/span><\/th><th style=\"height: 22px; width: 13.1064%;\"><span style=\"background-color: #ffffff;\">Disponibilidad<\/span><\/th><th style=\"height: 22px; width: 11.9858%;\"><span style=\"background-color: #ffffff;\">Costos<\/span><\/th><th style=\"height: 22px; width: 20.2847%;\"><span style=\"background-color: #ffffff;\">Restricciones<\/span><\/th><\/tr><\/thead><tbody style=\"background: rgba(128, 192, 255, 0.3); border: 1px solid rgba(200, 100, 0, 0.3);\"><tr style=\"height: 22px;\"><td style=\"height: 22px; width: 20.8847%;\"><h6><strong>Estudiantes UNAM<\/strong><\/h6><\/td><td style=\"height: 22px; width: 13.1064%;\">No\u00a0<\/td><td style=\"height: 22px; width: 11.9858%;\">No aplica<\/td><td style=\"height: 22px; width: 20.2847%;\">\u00a0No aplica<\/td><\/tr><\/tbody><tbody><tr style=\"height: 22px;\"><td style=\"height: 22px; width: 20.8847%;\"><h6><strong>Acad\u00e9micos UNAM<\/strong><\/h6><\/td><td style=\"height: 22px; width: 13.1064%;\">No<\/td><td style=\"height: 22px; width: 11.9858%;\">No aplica<\/td><td style=\"height: 22px; width: 20.2847%;\">\u00a0No aplica<\/td><\/tr><\/tbody><tbody style=\"background: rgba(128, 192, 255, 0.3); border: 1px solid rgba(200, 100, 0, 0.3);\"><tr style=\"height: 22px;\"><td style=\"height: 22px; width: 20.8847%;\"><h6><strong>Entidades y dependencias UNAM<\/strong><\/h6><\/td><td style=\"height: 22px; width: 13.1064%;\">Si<\/td><td style=\"height: 22px; width: 11.9858%;\">No<\/td><td style=\"height: 22px; width: 20.2847%;\">Limitado a la disponibilidad de recursos y s\u00f3lo para servicios de informaci\u00f3n institucionales<\/td><\/tr><\/tbody><tbody><tr><td style=\"height: 42px; width: 20.8847%;\"><h6><strong>P\u00fablico en general y organizaciones externas<\/strong><\/h6><\/td><td style=\"height: 42px; width: 13.1064%;\">Si<\/td><td style=\"height: 42px; width: 11.9858%;\">En funci\u00f3n de la asesor\u00eda requerida<\/td><td style=\"height: 42px; width: 20.2847%;\">S\u00f3lo por solicitud por escrito y convenio respectivo<\/td><\/tr><\/tbody><\/table><\/div><\/div>\t\t\t\t\t<\/div>\n\t\t\t\t\t\t<\/div>\n\t\t\t\t<\/div>\n\t\t\t\t\t\t<\/div>\n\t\t\t\t\t<\/div>\n\t\t<\/div>\n\t\t\t\t<div class=\"elementor-column elementor-col-50 elementor-inner-column elementor-element elementor-element-4410037\" data-id=\"4410037\" data-element_type=\"column\">\n\t\t\t<div class=\"elementor-column-wrap\">\n\t\t\t\t\t\t\t<div class=\"elementor-widget-wrap\">\n\t\t\t\t\t\t\t\t<\/div>\n\t\t\t\t\t<\/div>\n\t\t<\/div>\n\t\t\t\t\t\t\t\t<\/div>\n\t\t\t\t\t<\/div>\n\t\t<\/section>\n\t\t\t\t\t\t<\/div>\n\t\t\t\t\t<\/div>\n\t\t<\/div>\n\t\t\t\t\t\t\t\t<\/div>\n\t\t\t\t\t<\/div>\n\t\t<\/section>\n\t\t\t\t\t\t\t\t\t<\/div>\n\t\t\t<\/div>\n\t\t\t\t\t<\/div>\n\t\t","protected":false},"excerpt":{"rendered":"<p>Descripci\u00f3n: Asesor\u00eda y supervisi\u00f3n en la implementaci\u00f3n de Sistemas de Gesti\u00f3n de Seguridad de la Informaci\u00f3n, en entidades y dependencias [&hellip;]<\/p>\n","protected":false},"author":1,"featured_media":0,"parent":0,"menu_order":0,"comment_status":"closed","ping_status":"closed","template":"","meta":{"_EventAllDay":false,"_EventTimezone":"","_EventStartDate":"","_EventEndDate":"","_EventStartDateUTC":"","_EventEndDateUTC":"","_EventShowMap":false,"_EventShowMapLink":false,"_EventURL":"","_EventCost":"","_EventCostDescription":"","_EventCurrencySymbol":"","_EventCurrencyCode":"","_EventCurrencyPosition":"","_EventDateTimeSeparator":"","_EventTimeRangeSeparator":"","_EventOrganizerID":[],"_EventVenueID":[],"_OrganizerEmail":"","_OrganizerPhone":"","_OrganizerWebsite":"","_VenueAddress":"","_VenueCity":"","_VenueCountry":"","_VenueProvince":"","_VenueState":"","_VenueZip":"","_VenuePhone":"","_VenueURL":"","_VenueStateProvince":"","_VenueLat":"","_VenueLng":"","_VenueShowMap":false,"_VenueShowMapLink":false},"_links":{"self":[{"href":"https:\/\/sistemas.tic.unam.mx\/index.php\/wp-json\/wp\/v2\/pages\/55349"}],"collection":[{"href":"https:\/\/sistemas.tic.unam.mx\/index.php\/wp-json\/wp\/v2\/pages"}],"about":[{"href":"https:\/\/sistemas.tic.unam.mx\/index.php\/wp-json\/wp\/v2\/types\/page"}],"author":[{"embeddable":true,"href":"https:\/\/sistemas.tic.unam.mx\/index.php\/wp-json\/wp\/v2\/users\/1"}],"replies":[{"embeddable":true,"href":"https:\/\/sistemas.tic.unam.mx\/index.php\/wp-json\/wp\/v2\/comments?post=55349"}],"version-history":[{"count":18,"href":"https:\/\/sistemas.tic.unam.mx\/index.php\/wp-json\/wp\/v2\/pages\/55349\/revisions"}],"predecessor-version":[{"id":57524,"href":"https:\/\/sistemas.tic.unam.mx\/index.php\/wp-json\/wp\/v2\/pages\/55349\/revisions\/57524"}],"wp:attachment":[{"href":"https:\/\/sistemas.tic.unam.mx\/index.php\/wp-json\/wp\/v2\/media?parent=55349"}],"curies":[{"name":"wp","href":"https:\/\/api.w.org\/{rel}","templated":true}]}}