{"id":55388,"date":"2019-06-06T18:48:14","date_gmt":"2019-06-06T18:48:14","guid":{"rendered":"http:\/\/132.248.10.246\/?page_id=55388"},"modified":"2023-05-02T17:52:25","modified_gmt":"2023-05-02T17:52:25","slug":"asesoria-proyectos-supercomputo","status":"publish","type":"page","link":"https:\/\/sistemas.tic.unam.mx\/index.php\/asesoria-proyectos-supercomputo\/","title":{"rendered":"Asesor\u00eda en proyectos de c\u00f3mputo de alto rendimiento y superc\u00f3mputo"},"content":{"rendered":"\t\t<div data-elementor-type=\"wp-post\" data-elementor-id=\"55388\" class=\"elementor elementor-55388\">\n\t\t\t\t\t\t<div class=\"elementor-inner\">\n\t\t\t\t<div class=\"elementor-section-wrap\">\n\t\t\t\t\t\t\t\t\t<section class=\"elementor-section elementor-top-section elementor-element elementor-element-3422964 elementor-section-stretched elementor-section-boxed elementor-section-height-default elementor-section-height-default\" data-id=\"3422964\" data-element_type=\"section\" data-settings=\"{&quot;stretch_section&quot;:&quot;section-stretched&quot;}\">\n\t\t\t\t\t\t<div class=\"elementor-container elementor-column-gap-default\">\n\t\t\t\t\t\t\t<div class=\"elementor-row\">\n\t\t\t\t\t<div class=\"elementor-column elementor-col-100 elementor-top-column elementor-element elementor-element-0b96dc5\" data-id=\"0b96dc5\" data-element_type=\"column\">\n\t\t\t<div class=\"elementor-column-wrap elementor-element-populated\">\n\t\t\t\t\t\t\t<div class=\"elementor-widget-wrap\">\n\t\t\t\t\t\t<section class=\"elementor-section elementor-inner-section elementor-element elementor-element-c122d9f elementor-section-boxed elementor-section-height-default elementor-section-height-default\" data-id=\"c122d9f\" data-element_type=\"section\">\n\t\t\t\t\t\t<div class=\"elementor-container elementor-column-gap-default\">\n\t\t\t\t\t\t\t<div class=\"elementor-row\">\n\t\t\t\t\t<div class=\"elementor-column elementor-col-66 elementor-inner-column elementor-element elementor-element-c1fdee1\" data-id=\"c1fdee1\" data-element_type=\"column\">\n\t\t\t<div class=\"elementor-column-wrap elementor-element-populated\">\n\t\t\t\t\t\t\t<div class=\"elementor-widget-wrap\">\n\t\t\t\t\t\t<div class=\"elementor-element elementor-element-c29aa58 elementor-widget elementor-widget-text-editor\" data-id=\"c29aa58\" data-element_type=\"widget\" data-widget_type=\"text-editor.default\">\n\t\t\t\t<div class=\"elementor-widget-container\">\n\t\t\t\t\t\t\t\t<div class=\"elementor-text-editor elementor-clearfix\">\n\t\t\t\t<h4 dir=\"ltr\"><span style=\"color: #245897;\"><b>Descripci\u00f3n:\u00a0<\/b><\/span> <span style=\"font-weight:normal\">Proyectos para configuraci\u00f3n y uso de cl\u00fasters de c\u00f3mputo de alto desempe\u00f1o y superc\u00f3mputo.<\/span><\/h4>\n<h4 dir=\"ltr\" style=\"font-family: 'Work Sans', sans-serif; font-style: normal;\"><span style=\"font-size: 20px; color: #245897;\">\u00c1rea responsable:\u00a0<\/span><span style=\"font-weight:normal\">Departamento de Superc\u00f3mputo<\/span><\/h4>\n<h4 dir=\"ltr\"><span style=\"color: #245897;\"><b>Nombre del contacto: <\/b><\/span>\u00a0<span style=\"font-weight:normal\">Silvia Elizabeth Frausto del R\u00edo<\/span><\/h4>\n<h4 dir=\"ltr\"><span style=\"color: #245897;\"><b>Correo electr\u00f3nico: <\/b><\/span><strong><span style=\"font-weight:normal\">supercomputo@unam.mx<\/strong><\/span><\/h4>\n<h4 dir=\"ltr\"><span style=\"color: #245897;\"><b>Tel\u00e9fono:\u00a0<\/b><\/span><span style=\"font-weight:normal\">55 5622 8529<\/span><\/h4>\n<h4 dir=\"ltr\"><span style=\"color: #245897;\"><b>Sitio Web:\u00a0<\/b><\/span><span style=\"font-weight:normal\">http:\/\/www.super.unam.mx\/<\/span><\/h4>\t\t\t\t\t<\/div>\n\t\t\t\t\t\t<\/div>\n\t\t\t\t<\/div>\n\t\t\t\t\t\t<\/div>\n\t\t\t\t\t<\/div>\n\t\t<\/div>\n\t\t\t\t<div class=\"elementor-column elementor-col-33 elementor-inner-column elementor-element elementor-element-0186060\" data-id=\"0186060\" data-element_type=\"column\">\n\t\t\t<div class=\"elementor-column-wrap elementor-element-populated\">\n\t\t\t\t\t\t\t<div class=\"elementor-widget-wrap\">\n\t\t\t\t\t\t<div class=\"elementor-element elementor-element-42e5f70 elementor-widget elementor-widget-image\" data-id=\"42e5f70\" data-element_type=\"widget\" data-widget_type=\"image.default\">\n\t\t\t\t<div class=\"elementor-widget-container\">\n\t\t\t\t\t\t\t\t<div class=\"elementor-image\">\n\t\t\t\t\t\t\t\t\t\t\t\t<img decoding=\"async\" src=\"https:\/\/sistemas.tic.unam.mx\/wp-content\/uploads\/elementor\/thumbs\/cloud-q5vsde9og93qve1wxkmkoph2kxc82ginpxor8boy84.png\" title=\"cloud\" alt=\"cloud\" loading=\"lazy\" \/>\t\t\t\t\t\t\t\t\t\t\t\t\t\t<\/div>\n\t\t\t\t\t\t<\/div>\n\t\t\t\t<\/div>\n\t\t\t\t\t\t<\/div>\n\t\t\t\t\t<\/div>\n\t\t<\/div>\n\t\t\t\t\t\t\t\t<\/div>\n\t\t\t\t\t<\/div>\n\t\t<\/section>\n\t\t\t\t<div class=\"elementor-element elementor-element-5eb80e0 elementor-widget-divider--view-line elementor-widget elementor-widget-divider\" data-id=\"5eb80e0\" data-element_type=\"widget\" data-widget_type=\"divider.default\">\n\t\t\t\t<div class=\"elementor-widget-container\">\n\t\t\t\t\t<div class=\"elementor-divider\">\n\t\t\t<span class=\"elementor-divider-separator\">\n\t\t\t\t\t\t<\/span>\n\t\t<\/div>\n\t\t\t\t<\/div>\n\t\t\t\t<\/div>\n\t\t\t\t\t\t<\/div>\n\t\t\t\t\t<\/div>\n\t\t<\/div>\n\t\t\t\t\t\t\t\t<\/div>\n\t\t\t\t\t<\/div>\n\t\t<\/section>\n\t\t\t\t<section class=\"elementor-section elementor-top-section elementor-element elementor-element-1cbdf1f elementor-section-stretched elementor-section-boxed elementor-section-height-default elementor-section-height-default\" data-id=\"1cbdf1f\" data-element_type=\"section\" data-settings=\"{&quot;stretch_section&quot;:&quot;section-stretched&quot;}\">\n\t\t\t\t\t\t<div class=\"elementor-container elementor-column-gap-default\">\n\t\t\t\t\t\t\t<div class=\"elementor-row\">\n\t\t\t\t\t<div class=\"elementor-column elementor-col-100 elementor-top-column elementor-element elementor-element-3ff6813\" data-id=\"3ff6813\" data-element_type=\"column\">\n\t\t\t<div class=\"elementor-column-wrap elementor-element-populated\">\n\t\t\t\t\t\t\t<div class=\"elementor-widget-wrap\">\n\t\t\t\t\t\t<section class=\"elementor-section elementor-inner-section elementor-element elementor-element-9729456 elementor-section-height-min-height elementor-section-content-bottom elementor-section-boxed elementor-section-height-default\" data-id=\"9729456\" data-element_type=\"section\">\n\t\t\t\t\t\t<div class=\"elementor-container elementor-column-gap-default\">\n\t\t\t\t\t\t\t<div class=\"elementor-row\">\n\t\t\t\t\t<div class=\"elementor-column elementor-col-50 elementor-inner-column elementor-element elementor-element-8ab56a4\" data-id=\"8ab56a4\" data-element_type=\"column\">\n\t\t\t<div class=\"elementor-column-wrap elementor-element-populated\">\n\t\t\t\t\t\t\t<div class=\"elementor-widget-wrap\">\n\t\t\t\t\t\t<div class=\"elementor-element elementor-element-637762f elementor-widget elementor-widget-text-editor\" data-id=\"637762f\" data-element_type=\"widget\" data-widget_type=\"text-editor.default\">\n\t\t\t\t<div class=\"elementor-widget-container\">\n\t\t\t\t\t\t\t\t<div class=\"elementor-text-editor elementor-clearfix\">\n\t\t\t\t<div><div><h1 style=\"text-align: left;\">Aplicabilidad de servicios por tipo de usuario<\/h1><table style=\"width: 76.2741%; height: 130px;\" cellspacing=\"0\" cellpadding=\"0\"><thead><tr style=\"height: 22px;\"><th style=\"height: 22px; width: 20.8847%;\"><span style=\"background-color: #ffffff;\">USUARIO<\/span><\/th><th style=\"height: 22px; width: 13.1064%;\"><span style=\"background-color: #ffffff;\">Disponibilidad<\/span><\/th><th style=\"height: 22px; width: 11.9858%;\"><span style=\"background-color: #ffffff;\">Costos<\/span><\/th><th style=\"height: 22px; width: 20.2847%;\"><span style=\"background-color: #ffffff;\">Restricciones<\/span><\/th><\/tr><\/thead><tbody style=\"background: rgba(128, 192, 255, 0.3); border: 1px solid rgba(200, 100, 0, 0.3);\"><tr style=\"height: 22px;\"><td style=\"height: 22px; width: 20.8847%;\"><h6><strong>Estudiantes UNAM<\/strong><\/h6><\/td><td style=\"height: 22px; width: 13.1064%;\">No\u00a0<\/td><td style=\"height: 22px; width: 11.9858%;\">No aplica<\/td><td style=\"height: 22px; width: 20.2847%;\">\u00a0No aplica<\/td><\/tr><\/tbody><tbody><tr style=\"height: 22px;\"><td style=\"height: 22px; width: 20.8847%;\"><h6><strong>Acad\u00e9micos UNAMS<\/strong><\/h6><\/td><td style=\"height: 22px; width: 13.1064%;\">No<\/td><td style=\"height: 22px; width: 11.9858%;\">En funci\u00f3n de la capacidad requerida<\/td><td style=\"height: 22px; width: 20.2847%;\">Limitado a proyectos institucionales de alto desempe\u00f1o<\/td><\/tr><\/tbody><tbody style=\"background: rgba(128, 192, 255, 0.3); border: 1px solid rgba(200, 100, 0, 0.3);\"><tr style=\"height: 22px;\"><td style=\"height: 22px; width: 20.8847%;\"><h6><strong>Entidades y dependencias UNAM<\/strong><\/h6><\/td><td style=\"height: 22px; width: 13.1064%;\">Si<\/td><td style=\"height: 22px; width: 11.9858%;\">En funci\u00f3n de la capacidad requerida<\/td><td style=\"height: 22px; width: 20.2847%;\">Limitado a proyectos institucionales de alto desempe\u00f1o<\/td><\/tr><\/tbody><tbody><tr><td style=\"height: 42px; width: 20.8847%;\"><h6><strong>P\u00fablico en general y organizaciones externas<\/strong><\/h6><\/td><td style=\"height: 42px; width: 13.1064%;\">Si<\/td><td style=\"height: 42px; width: 11.9858%;\">En funci\u00f3n de la capacidad requerida<\/td><td style=\"height: 42px; width: 20.2847%;\">Limitado a proyectos institucionales de alto desempe\u00f1o y convenio<\/td><\/tr><\/tbody><\/table><\/div><\/div>\t\t\t\t\t<\/div>\n\t\t\t\t\t\t<\/div>\n\t\t\t\t<\/div>\n\t\t\t\t\t\t<\/div>\n\t\t\t\t\t<\/div>\n\t\t<\/div>\n\t\t\t\t<div class=\"elementor-column elementor-col-50 elementor-inner-column elementor-element elementor-element-4bb9b94\" data-id=\"4bb9b94\" data-element_type=\"column\">\n\t\t\t<div class=\"elementor-column-wrap\">\n\t\t\t\t\t\t\t<div class=\"elementor-widget-wrap\">\n\t\t\t\t\t\t\t\t<\/div>\n\t\t\t\t\t<\/div>\n\t\t<\/div>\n\t\t\t\t\t\t\t\t<\/div>\n\t\t\t\t\t<\/div>\n\t\t<\/section>\n\t\t\t\t\t\t<\/div>\n\t\t\t\t\t<\/div>\n\t\t<\/div>\n\t\t\t\t\t\t\t\t<\/div>\n\t\t\t\t\t<\/div>\n\t\t<\/section>\n\t\t\t\t\t\t\t\t\t<\/div>\n\t\t\t<\/div>\n\t\t\t\t\t<\/div>\n\t\t","protected":false},"excerpt":{"rendered":"<p>Descripci\u00f3n:\u00a0 Proyectos para configuraci\u00f3n y uso de cl\u00fasters de c\u00f3mputo de alto desempe\u00f1o y superc\u00f3mputo. \u00c1rea responsable:\u00a0Departamento de Superc\u00f3mputo Nombre [&hellip;]<\/p>\n","protected":false},"author":1,"featured_media":0,"parent":0,"menu_order":0,"comment_status":"closed","ping_status":"closed","template":"","meta":{"_EventAllDay":false,"_EventTimezone":"","_EventStartDate":"","_EventEndDate":"","_EventStartDateUTC":"","_EventEndDateUTC":"","_EventShowMap":false,"_EventShowMapLink":false,"_EventURL":"","_EventCost":"","_EventCostDescription":"","_EventCurrencySymbol":"","_EventCurrencyCode":"","_EventCurrencyPosition":"","_EventDateTimeSeparator":"","_EventTimeRangeSeparator":"","_EventOrganizerID":[],"_EventVenueID":[],"_OrganizerEmail":"","_OrganizerPhone":"","_OrganizerWebsite":"","_VenueAddress":"","_VenueCity":"","_VenueCountry":"","_VenueProvince":"","_VenueState":"","_VenueZip":"","_VenuePhone":"","_VenueURL":"","_VenueStateProvince":"","_VenueLat":"","_VenueLng":"","_VenueShowMap":false,"_VenueShowMapLink":false},"_links":{"self":[{"href":"https:\/\/sistemas.tic.unam.mx\/index.php\/wp-json\/wp\/v2\/pages\/55388"}],"collection":[{"href":"https:\/\/sistemas.tic.unam.mx\/index.php\/wp-json\/wp\/v2\/pages"}],"about":[{"href":"https:\/\/sistemas.tic.unam.mx\/index.php\/wp-json\/wp\/v2\/types\/page"}],"author":[{"embeddable":true,"href":"https:\/\/sistemas.tic.unam.mx\/index.php\/wp-json\/wp\/v2\/users\/1"}],"replies":[{"embeddable":true,"href":"https:\/\/sistemas.tic.unam.mx\/index.php\/wp-json\/wp\/v2\/comments?post=55388"}],"version-history":[{"count":15,"href":"https:\/\/sistemas.tic.unam.mx\/index.php\/wp-json\/wp\/v2\/pages\/55388\/revisions"}],"predecessor-version":[{"id":57582,"href":"https:\/\/sistemas.tic.unam.mx\/index.php\/wp-json\/wp\/v2\/pages\/55388\/revisions\/57582"}],"wp:attachment":[{"href":"https:\/\/sistemas.tic.unam.mx\/index.php\/wp-json\/wp\/v2\/media?parent=55388"}],"curies":[{"name":"wp","href":"https:\/\/api.w.org\/{rel}","templated":true}]}}