{"id":55689,"date":"2019-08-08T16:42:38","date_gmt":"2019-08-08T16:42:38","guid":{"rendered":"http:\/\/132.248.10.246\/?page_id=55689"},"modified":"2023-04-21T23:43:20","modified_gmt":"2023-04-21T23:43:20","slug":"directorio","status":"publish","type":"page","link":"https:\/\/sistemas.tic.unam.mx\/index.php\/directorio\/","title":{"rendered":"Directorio"},"content":{"rendered":"\t\t<div data-elementor-type=\"wp-post\" data-elementor-id=\"55689\" class=\"elementor elementor-55689\">\n\t\t\t\t\t\t<div class=\"elementor-inner\">\n\t\t\t\t<div class=\"elementor-section-wrap\">\n\t\t\t\t\t\t\t\t\t<section class=\"elementor-section elementor-top-section elementor-element elementor-element-f6b6d94 elementor-section-boxed elementor-section-height-default elementor-section-height-default\" data-id=\"f6b6d94\" data-element_type=\"section\">\n\t\t\t\t\t\t<div class=\"elementor-container elementor-column-gap-default\">\n\t\t\t\t\t\t\t<div class=\"elementor-row\">\n\t\t\t\t\t<div class=\"elementor-column elementor-col-100 elementor-top-column elementor-element elementor-element-0a35398\" data-id=\"0a35398\" data-element_type=\"column\">\n\t\t\t<div class=\"elementor-column-wrap elementor-element-populated\">\n\t\t\t\t\t\t\t<div class=\"elementor-widget-wrap\">\n\t\t\t\t\t\t<div class=\"elementor-element elementor-element-41d51f1 elementor-widget elementor-widget-text-editor\" data-id=\"41d51f1\" data-element_type=\"widget\" data-widget_type=\"text-editor.default\">\n\t\t\t\t<div class=\"elementor-widget-container\">\n\t\t\t\t\t\t\t\t<div class=\"elementor-text-editor elementor-clearfix\">\n\t\t\t\t<table style=\"font-size: 14px; width: 81.1685%; height: 1517px;\" border=\"0\" cellspacing=\"0\" cellpadding=\"0\"><colgroup> <col \/> <col \/> <col \/> <col \/><\/colgroup>\n<tbody>\n<tr style=\"height: 57px;\">\n<td style=\"width: 14.0816%; height: 57px;\">\n<h6>Nombre<\/h6>\n<\/td>\n<td style=\"width: 24.4898%; height: 57px;\">\n<h6>Departamento<\/h6>\n<\/td>\n<td style=\"width: 16.5306%; height: 57px;\">\n<h6>Tel\u00e9fono<\/h6>\n<\/td>\n<td style=\"width: 44.4898%; height: 57px;\">\n<h6>Correo electr\u00f3nico<\/h6>\n<\/td>\n<\/tr>\n<tr style=\"height: 100px;\">\n<td style=\"width: 14.0816%; height: 100px;\">M. en C. Ma. de Lourdes Vel\u00e1zquez Pastrana<\/td>\n<td style=\"width: 24.4898%; height: 100px;\"><strong>Directora<\/strong><\/td>\n<td style=\"width: 16.5306%; height: 100px;\">5556228587<\/td>\n<td style=\"width: 44.4898%; height: 100px;\"><strong>sistemas.tic@unam.mx\n<\/strong><strong>mlvp@unam.mx<\/strong><\/td>\n<\/tr>\n<tr style=\"height: 80px;\">\n<td style=\"width: 14.0816%; height: 80px;\">Tania Gabriela Rodr\u00edguez Amaya<\/td>\n<td style=\"width: 24.4898%; height: 80px;\"><strong>Asistente ejecutiva<\/strong><\/td>\n<td style=\"width: 16.5306%; height: 80px;\">5556228543<\/td>\n<td style=\"width: 44.4898%; height: 80px;\"><strong>asistente.sistemas.dgtic@unam.mx<\/strong><\/td>\n<\/tr>\n<tr style=\"height: 100px;\">\n<td style=\"width: 14.0816%; height: 100px;\">M.T.I.A. Jes\u00fas Salvador\nFern\u00e1ndez Rauda<\/td>\n<td style=\"width: 24.4898%; height: 100px;\"><strong>Coordinador de Servicios de C\u00f3mputo<\/strong><\/td>\n<td style=\"width: 16.5306%; height: 100px;\">5556228529<\/td>\n<td style=\"width: 44.4898%; height: 100px;\"><strong>csc.coordinador@unam.mx<\/strong><\/td>\n<\/tr>\n<tr style=\"height: 80px;\">\n<td style=\"width: 14.0816%; height: 80px;\">Ing. Pedro Bautista Fern\u00e1ndez<\/td>\n<td style=\"width: 24.4898%; height: 80px;\"><strong>Jefe del Departamento del Centro de Datos<\/strong><\/td>\n<td style=\"width: 16.5306%; height: 80px;\">5556228891<\/td>\n<td style=\"width: 44.4898%; height: 80px;\"><strong>centrodedatos.dgtic@unam.mx<\/strong><\/td>\n<\/tr>\n<tr>\n<td style=\"width: 14.0816%;\">Ing. Silvia Elizabeth Frausto del R\u00edo<\/td>\n<td style=\"width: 24.4898%;\"><strong>Jefa del Departamento de Superc\u00f3mputo<\/strong><\/td>\n<td style=\"width: 16.5306%;\">5556228599<\/td>\n<td style=\"width: 44.4898%;\"><strong>supercomputo@unam.mx<\/strong><\/td>\n<\/tr>\n<tr style=\"height: 80px;\">\n<td style=\"width: 14.0816%; height: 80px;\">Fabi\u00e1n Romo Zamudio<\/td>\n<td style=\"width: 24.4898%; height: 80px;\"><strong>Jefe del Departamento de Tecnolog\u00edas Emergentes <\/strong><\/td>\n<td style=\"width: 16.5306%; height: 80px;\">5556228248<\/td>\n<td style=\"width: 44.4898%; height: 80px;\"><strong>emergentes.tic@unam.mx<\/strong><\/td>\n<\/tr>\n<tr style=\"height: 100px;\">\n<td style=\"width: 14.0816%; height: 100px;\">Mtra. Lizbeth Ang\u00e9lica Barreto Z\u00fa\u00f1iga<\/td>\n<td style=\"width: 24.4898%; height: 100px;\"><strong>Coordinadora de Servicios de Identidad y Firma Electr\u00f3nica Universitaria<\/strong><\/td>\n<td style=\"width: 16.5306%; height: 100px;\">5556223599<\/td>\n<td style=\"width: 44.4898%; height: 100px;\"><strong>csifeu.dgtic@unam.mx<\/strong><\/td>\n<\/tr>\n<tr style=\"height: 80px;\">\n<td style=\"width: 14.0816%; height: 80px;\">Lic. Carlos Castro Mendoza<\/td>\n<td style=\"width: 24.4898%; height: 80px;\"><strong>Jefe del Departamento de Votaciones Electr\u00f3nicas<\/strong><\/td>\n<td style=\"width: 16.5306%; height: 80px;\">5556223672 y 56223032<\/td>\n<td style=\"width: 44.4898%; height: 80px;\"><strong>votoelectronico@unam.mx<\/strong><\/td>\n<\/tr>\n<tr style=\"height: 100px;\">\n<td style=\"width: 14.0816%; height: 100px;\">Lic. Carlos Fernando Rubio Vega<\/td>\n<td style=\"width: 24.4898%; height: 100px;\"><strong>Jefe del Departamento de Servicios de Certificaci\u00f3n Digital<\/strong><\/td>\n<td style=\"width: 16.5306%; height: 100px;\">5556223982<\/td>\n<td style=\"width: 44.4898%; height: 100px;\"><strong>firma.tic@unam.mx<\/strong><\/td>\n<\/tr>\n<tr style=\"height: 120px;\">\n<td style=\"width: 14.0816%; height: 120px;\">Ing. Justino Pe\u00f1afiel Salinas<\/td>\n<td style=\"width: 24.4898%; height: 120px;\"><strong>Coordinador de Infraestructura y Soporte T\u00e9cnico<\/strong><\/td>\n<td style=\"width: 16.5306%; height: 120px;\">5556228538<\/td>\n<td style=\"width: 44.4898%; height: 120px;\"><strong>infraestructura.dgtic@unam.mx<\/strong><\/td>\n<\/tr>\n<tr style=\"height: 120px;\">\n<td style=\"width: 14.0816%; height: 120px;\">Ing. Margarita Gonz\u00e1lez Trejo<\/td>\n<td style=\"width: 24.4898%; height: 120px;\"><strong>Jefa del Departamento de Infraestructura y Soporte T\u00e9cnico en Sedes Externas<\/strong><\/td>\n<td style=\"width: 16.5306%; height: 120px;\">5556227971<\/td>\n<td style=\"width: 44.4898%; height: 120px;\">i<strong>nfraestructura.mascarones@unam.mx<\/strong><\/td>\n<\/tr>\n<tr style=\"height: 80px;\">\n<td style=\"width: 14.0816%; height: 80px;\">Lic. Alejandro Rodr\u00edguez Severiano<\/td>\n<td style=\"width: 24.4898%; height: 80px;\"><strong>Departamento de Dict\u00e1menes T\u00e9cnicos<\/strong><\/td>\n<td style=\"width: 16.5306%; height: 80px;\">5556223673<\/td>\n<td style=\"width: 44.4898%; height: 80px;\"><strong>dictamenes.dgtic@unam.mx<\/strong><\/td>\n<\/tr>\n\n<tr style=\"height: 100px;\">\n<td style=\"width: 14.0816%; height: 100px;\">M. en C. Carlos Ra\u00fal Tlahuel P\u00e9rez<\/td>\n<td style=\"width: 24.4898%; height: 100px;\"><strong>Coordinador de Seguridad de la Informaci\u00f3n<\/strong><\/td>\n<td style=\"width: 16.5306%; height: 100px;\">5556228169<\/td>\n<td style=\"width: 44.4898%; height: 100px;\"><strong>csi.coordinador@unam.mx<\/strong><\/td>\n<\/tr>\n<tr style=\"height: 80px;\">\n<td style=\"width: 14.0816%; height: 80px;\">Mtro. Luis Ledesma Molina<\/td>\n<td style=\"width: 24.4898%; height: 80px;\"><strong>Jefe del Departamento de Seguridad en Sistemas<\/strong><\/td>\n<td style=\"width: 16.5306%; height: 80px;\">5556228041<\/td>\n<td style=\"width: 44.4898%; height: 80px;\"><strong>csi.sistemas@unam.mx<\/strong><\/td>\n<\/tr>\n<tr>\n<td style=\"width: 14.0816%;\">Ing. Julio C\u00e9sar Rold\u00e1n Elorza<\/td>\n<td style=\"width: 24.4898%;\"><strong>Jefe del Departamento de Respuesta a Incidentes<\/strong><\/td>\n<td style=\"width: 16.5306%;\">5556228531<\/td>\n<td style=\"width: 44.4898%;\"><strong>csi.incidentes@unam.mx<\/strong><\/td>\n<\/tr>\n<\/tbody>\n<\/table>\n<style type=\"text\/css\">\n      html { font-family:Calibri, Arial, Helvetica, sans-serif; font-size:11pt; background-color:white }<br \/>      a.comment-indicator:hover + div.comment { background:#ffd; position:absolute; display:block; border:1px solid black; padding:0.5em }<br \/>      a.comment-indicator { background:red; display:inline-block; border:1px solid black; width:0.5em; height:0.5em }<br \/>      div.comment { display:none }<br \/>      table { border-collapse:collapse; page-break-after:always }<br \/>      .gridlines td { border:1px dotted black }<br \/>      .gridlines th { border:1px dotted black }<br \/>      .b { text-align:center }<br \/>      .e { text-align:center }<br \/>      .f { text-align:right }<br \/>      .inlineStr { text-align:left }<br \/>      .n { text-align:right }<br \/>      .s { text-align:left }<br \/>      td.style0 { vertical-align:bottom; border-bottom:none #000000; border-top:none #000000; border-left:none #000000; border-right:none #000000; color:#000000; font-family:'Calibri'; font-size:12pt; background-color:white }<br \/>      th.style0 { vertical-align:bottom; border-bottom:none #000000; border-top:none #000000; border-left:none #000000; border-right:none #000000; color:#000000; font-family:'Calibri'; font-size:12pt; background-color:white }<br \/>      td.style1 { vertical-align:middle; border-bottom:none #000000; border-top:none #000000; border-left:none #000000; border-right:none #000000; color:#000000; font-family:'Calibri'; font-size:12pt; background-color:white }<br \/>      th.style1 { vertical-align:middle; border-bottom:none #000000; border-top:none #000000; border-left:none #000000; border-right:none #000000; color:#000000; font-family:'Calibri'; font-size:12pt; background-color:white }<br \/>      td.style2 { vertical-align:middle; text-align:left; padding-left:0px; border-bottom:none #000000; border-top:none #000000; border-left:none #000000; border-right:none #000000; color:#000000; font-family:'Calibri'; font-size:12pt; background-color:white }<br \/>      th.style2 { vertical-align:middle; text-align:left; padding-left:0px; border-bottom:none #000000; border-top:none #000000; border-left:none #000000; border-right:none #000000; color:#000000; font-family:'Calibri'; font-size:12pt; background-color:white }<br \/>      table.sheet0 col.col0 { width:168.76666473pt }<br \/>      table.sheet0 col.col1 { width:252.13333044pt }<br \/>      table.sheet0 col.col2 { width:159.95555372pt }<br \/>      table.sheet0 col.col3 { width:261.62221922pt }<br \/>      table.sheet0 tr { height:16.363636363636pt }<br \/>      table.sheet0 tr.row9 { height:30pt }<br \/>      table.sheet0 tr.row12 { height:30pt }<br \/>      table.sheet0 tr.row14 { height:30pt }<br \/>      table.sheet0 tr.row15 { height:30pt }<br \/>      table.sheet0 tr.row20 { height:30pt }<br \/>    <\/style> <style>\n@page { margin-left: 0.75in; margin-right: 0.75in; margin-top: 1in; margin-bottom: 1in; }<br \/>body { margin-left: 0.75in; margin-right: 0.75in; margin-top: 1in; margin-bottom: 1in; }<br \/><\/style>\t\t\t\t\t<\/div>\n\t\t\t\t\t\t<\/div>\n\t\t\t\t<\/div>\n\t\t\t\t\t\t<\/div>\n\t\t\t\t\t<\/div>\n\t\t<\/div>\n\t\t\t\t\t\t\t\t<\/div>\n\t\t\t\t\t<\/div>\n\t\t<\/section>\n\t\t\t\t\t\t\t\t\t<\/div>\n\t\t\t<\/div>\n\t\t\t\t\t<\/div>\n\t\t","protected":false},"excerpt":{"rendered":"<p>Nombre Departamento Tel\u00e9fono Correo electr\u00f3nico M. en C. Ma. de Lourdes Vel\u00e1zquez Pastrana Directora 5556228587 sistemas.tic@unam.mx mlvp@unam.mx Tania Gabriela Rodr\u00edguez [&hellip;]<\/p>\n","protected":false},"author":1,"featured_media":0,"parent":0,"menu_order":0,"comment_status":"closed","ping_status":"closed","template":"","meta":{"_EventAllDay":false,"_EventTimezone":"","_EventStartDate":"","_EventEndDate":"","_EventStartDateUTC":"","_EventEndDateUTC":"","_EventShowMap":false,"_EventShowMapLink":false,"_EventURL":"","_EventCost":"","_EventCostDescription":"","_EventCurrencySymbol":"","_EventCurrencyCode":"","_EventCurrencyPosition":"","_EventDateTimeSeparator":"","_EventTimeRangeSeparator":"","_EventOrganizerID":[],"_EventVenueID":[],"_OrganizerEmail":"","_OrganizerPhone":"","_OrganizerWebsite":"","_VenueAddress":"","_VenueCity":"","_VenueCountry":"","_VenueProvince":"","_VenueState":"","_VenueZip":"","_VenuePhone":"","_VenueURL":"","_VenueStateProvince":"","_VenueLat":"","_VenueLng":"","_VenueShowMap":false,"_VenueShowMapLink":false},"_links":{"self":[{"href":"https:\/\/sistemas.tic.unam.mx\/index.php\/wp-json\/wp\/v2\/pages\/55689"}],"collection":[{"href":"https:\/\/sistemas.tic.unam.mx\/index.php\/wp-json\/wp\/v2\/pages"}],"about":[{"href":"https:\/\/sistemas.tic.unam.mx\/index.php\/wp-json\/wp\/v2\/types\/page"}],"author":[{"embeddable":true,"href":"https:\/\/sistemas.tic.unam.mx\/index.php\/wp-json\/wp\/v2\/users\/1"}],"replies":[{"embeddable":true,"href":"https:\/\/sistemas.tic.unam.mx\/index.php\/wp-json\/wp\/v2\/comments?post=55689"}],"version-history":[{"count":33,"href":"https:\/\/sistemas.tic.unam.mx\/index.php\/wp-json\/wp\/v2\/pages\/55689\/revisions"}],"predecessor-version":[{"id":57478,"href":"https:\/\/sistemas.tic.unam.mx\/index.php\/wp-json\/wp\/v2\/pages\/55689\/revisions\/57478"}],"wp:attachment":[{"href":"https:\/\/sistemas.tic.unam.mx\/index.php\/wp-json\/wp\/v2\/media?parent=55689"}],"curies":[{"name":"wp","href":"https:\/\/api.w.org\/{rel}","templated":true}]}}