{"id":56302,"date":"2020-07-26T16:55:44","date_gmt":"2020-07-26T16:55:44","guid":{"rendered":"https:\/\/sistemas.tic.unam.mx\/?page_id=56302"},"modified":"2024-01-09T17:51:08","modified_gmt":"2024-01-09T17:51:08","slug":"creditos","status":"publish","type":"page","link":"https:\/\/sistemas.tic.unam.mx\/index.php\/creditos\/","title":{"rendered":"Cr\u00e9ditos"},"content":{"rendered":"<p><strong>Universidad Nacional Aut\u00f3noma de M\u00e9xico<\/strong><\/p>\n<p><strong>Rector<\/strong><br \/>\nDr. Leonardo Lomel\u00ed Vanegas<\/p>\n<p><strong>Secretaria General<br \/>\n<\/strong>Dra. Patricia Dolores D\u00e1vila Aranda<\/p>\n<p><strong>Secretaria de Desarrollo Institucional<\/strong><br \/>\nDra. Diana Tamara Mart\u00ednez Ru\u00edz<br \/>\n<strong><br \/>\nDirector General de C\u00f3mputo y de Tecnolog\u00edas de Informaci\u00f3n y Comunicaci\u00f3n<\/strong><br \/>\nDr. H\u00e9ctor Ben\u00edtez P\u00e9rez<br \/>\n<strong><br \/>\nDirectora de Sistemas y Servicios Institucionales<br \/>\n<\/strong>M. en C. Mar\u00eda del Lourdes Vel\u00e1zquez Pastrana<\/p>\n<p><strong>Coordinador de Servicios de C\u00f3mputo<\/strong><br \/>\nM.T.I.A. Jes\u00fas Salvador Fern\u00e1ndez Rauda<\/p>\n<p><strong>Jefe del Departamento de Tecnolog\u00edas Emergentes<\/strong><br \/>\nJos\u00e9 Fabi\u00e1n Romo Zamudio<\/p>\n<p><strong>Administraci\u00f3n del sitio web<br \/>\n<\/strong>Dra. Karla Erazo Castrej\u00f3n<\/p>\n","protected":false},"excerpt":{"rendered":"<p>Universidad Nacional Aut\u00f3noma de M\u00e9xico Rector Dr. Leonardo Lomel\u00ed Vanegas Secretaria General Dra. Patricia Dolores D\u00e1vila Aranda Secretaria de Desarrollo [&hellip;]<\/p>\n","protected":false},"author":1,"featured_media":0,"parent":0,"menu_order":0,"comment_status":"closed","ping_status":"closed","template":"","meta":{"_EventAllDay":false,"_EventTimezone":"","_EventStartDate":"","_EventEndDate":"","_EventStartDateUTC":"","_EventEndDateUTC":"","_EventShowMap":false,"_EventShowMapLink":false,"_EventURL":"","_EventCost":"","_EventCostDescription":"","_EventCurrencySymbol":"","_EventCurrencyCode":"","_EventCurrencyPosition":"","_EventDateTimeSeparator":"","_EventTimeRangeSeparator":"","_EventOrganizerID":[],"_EventVenueID":[],"_OrganizerEmail":"","_OrganizerPhone":"","_OrganizerWebsite":"","_VenueAddress":"","_VenueCity":"","_VenueCountry":"","_VenueProvince":"","_VenueState":"","_VenueZip":"","_VenuePhone":"","_VenueURL":"","_VenueStateProvince":"","_VenueLat":"","_VenueLng":"","_VenueShowMap":false,"_VenueShowMapLink":false},"_links":{"self":[{"href":"https:\/\/sistemas.tic.unam.mx\/index.php\/wp-json\/wp\/v2\/pages\/56302"}],"collection":[{"href":"https:\/\/sistemas.tic.unam.mx\/index.php\/wp-json\/wp\/v2\/pages"}],"about":[{"href":"https:\/\/sistemas.tic.unam.mx\/index.php\/wp-json\/wp\/v2\/types\/page"}],"author":[{"embeddable":true,"href":"https:\/\/sistemas.tic.unam.mx\/index.php\/wp-json\/wp\/v2\/users\/1"}],"replies":[{"embeddable":true,"href":"https:\/\/sistemas.tic.unam.mx\/index.php\/wp-json\/wp\/v2\/comments?post=56302"}],"version-history":[{"count":7,"href":"https:\/\/sistemas.tic.unam.mx\/index.php\/wp-json\/wp\/v2\/pages\/56302\/revisions"}],"predecessor-version":[{"id":58228,"href":"https:\/\/sistemas.tic.unam.mx\/index.php\/wp-json\/wp\/v2\/pages\/56302\/revisions\/58228"}],"wp:attachment":[{"href":"https:\/\/sistemas.tic.unam.mx\/index.php\/wp-json\/wp\/v2\/media?parent=56302"}],"curies":[{"name":"wp","href":"https:\/\/api.w.org\/{rel}","templated":true}]}}