{"id":57715,"date":"2023-07-24T17:03:21","date_gmt":"2023-07-24T17:03:21","guid":{"rendered":"https:\/\/sistemas.tic.unam.mx\/?page_id=57715"},"modified":"2023-07-27T01:15:17","modified_gmt":"2023-07-27T01:15:17","slug":"escritorios-virtuales","status":"publish","type":"page","link":"https:\/\/sistemas.tic.unam.mx\/index.php\/escritorios-virtuales\/","title":{"rendered":"Escritorios virtuales"},"content":{"rendered":"\t\t<div data-elementor-type=\"wp-page\" data-elementor-id=\"57715\" class=\"elementor elementor-57715\">\n\t\t\t\t\t\t<div class=\"elementor-inner\">\n\t\t\t\t<div class=\"elementor-section-wrap\">\n\t\t\t\t\t\t\t\t\t<section class=\"elementor-section elementor-top-section elementor-element elementor-element-f808094 elementor-section-boxed elementor-section-height-default elementor-section-height-default\" data-id=\"f808094\" data-element_type=\"section\">\n\t\t\t\t\t\t<div class=\"elementor-container elementor-column-gap-default\">\n\t\t\t\t\t\t\t<div class=\"elementor-row\">\n\t\t\t\t\t<div class=\"elementor-column elementor-col-100 elementor-top-column elementor-element elementor-element-cb1f5f6\" data-id=\"cb1f5f6\" data-element_type=\"column\">\n\t\t\t<div class=\"elementor-column-wrap elementor-element-populated\">\n\t\t\t\t\t\t\t<div class=\"elementor-widget-wrap\">\n\t\t\t\t\t\t<section class=\"elementor-section elementor-inner-section elementor-element elementor-element-a5ece6b elementor-section-boxed elementor-section-height-default elementor-section-height-default\" data-id=\"a5ece6b\" data-element_type=\"section\">\n\t\t\t\t\t\t<div class=\"elementor-container elementor-column-gap-default\">\n\t\t\t\t\t\t\t<div class=\"elementor-row\">\n\t\t\t\t\t<div class=\"elementor-column elementor-col-50 elementor-inner-column elementor-element elementor-element-549f918\" data-id=\"549f918\" data-element_type=\"column\">\n\t\t\t<div class=\"elementor-column-wrap elementor-element-populated\">\n\t\t\t\t\t\t\t<div class=\"elementor-widget-wrap\">\n\t\t\t\t\t\t<div class=\"elementor-element elementor-element-ffc43a7 elementor-widget elementor-widget-text-editor\" data-id=\"ffc43a7\" data-element_type=\"widget\" data-widget_type=\"text-editor.default\">\n\t\t\t\t<div class=\"elementor-widget-container\">\n\t\t\t\t\t\t\t\t<div class=\"elementor-text-editor elementor-clearfix\">\n\t\t\t\t<h4 dir=\"ltr\"><span style=\"color: #008080;\"><b><span style=\"color: #245897;\">Descripci\u00f3n:<\/span> <\/b><\/span><span style=\"font-weight: normal;\">La DGTIC ofrece este servicio a las entidades acad\u00e9micas, para ampliar las capacidades de c\u00f3mputo disponible a los los estudiantes. Son instancias virtuales, accesibles de manera remota.<br \/>\u00a0<\/span><\/h4><h4 dir=\"ltr\"><span style=\"font-weight: normal;\">Estas instancias permiten el uso de software con licencia o el procesamiento de datos, en ambientes que los dispositivos personales de los estudiantes no tienen disponibles. Con los escritorios virtuales se pueden complementar los servicios de los laboratorios de c\u00f3mputo, cuando los equipos no son suficientes.<\/span><\/h4><h4 dir=\"ltr\"><span style=\"font-weight: normal;\"><br \/>El tipo de aplicaciones (software), la cantidad de instancias y el nivel de servicio se definen de forma colaborativa entre la entidad acad\u00e9mica y la DGTIC.<\/span><\/h4><h4 dir=\"ltr\"><span style=\"font-weight: normal;\"><br \/>Para solicitar el servicio, la Entidad debe dirigir un oficio al<br \/>Dr. H\u00e9ctor Ben\u00edtez P\u00e9rez, titular de la DGTIC, ingres\u00e1ndolo de forma digital en\u00a0<a href=\"https:\/\/www.gtic.unam.mx\/marketplace\/formcreator\/front\/formdisplay.php?id=30\">oficial\u00eda de partes<\/a><\/span><\/h4><div>\u00a0<\/div><div><h4 dir=\"ltr\" style=\"font-family: 'Work Sans', sans-serif; font-style: normal;\"><span style=\"font-size: 20px; color: #008080;\"><span style=\"color: #245897;\">\u00c1rea responsable:<\/span> <\/span><span style=\"font-weight: normal;\">Direcci\u00f3n de Innovaci\u00f3n en Tecnolog\u00edas para la Educaci\u00f3n \/ Direcci\u00f3n de Sistemas y Servicios Institucionales\u00a0<\/span><\/h4><\/div><h4 dir=\"ltr\"><span style=\"color: #008080;\"><b><span style=\"color: #245897;\">Nombre del contacto:<\/span>\u00a0<\/b><\/span><span style=\"font-weight: normal;\">Dra. Marina Kriscautzky Laxague\u00a0<\/span><\/h4><h4 dir=\"ltr\"><span style=\"color: #245897;\"><b>Correo electr\u00f3nico:<\/b><\/span> <span style=\"font-weight: normal;\">ticeducacion@unam.mx<\/span><\/h4><h4 dir=\"ltr\"><span style=\"color: #008080;\"><b><span style=\"color: #245897;\">Tel\u00e9fono:<\/span>\u00a0<\/b><\/span><span style=\"font-weight: normal;\">55 5622 8855<\/span><\/h4><h4 dir=\"ltr\">\u00a0<\/h4>\t\t\t\t\t<\/div>\n\t\t\t\t\t\t<\/div>\n\t\t\t\t<\/div>\n\t\t\t\t\t\t<\/div>\n\t\t\t\t\t<\/div>\n\t\t<\/div>\n\t\t\t\t<div class=\"elementor-column elementor-col-50 elementor-inner-column elementor-element elementor-element-5ab9530\" data-id=\"5ab9530\" data-element_type=\"column\">\n\t\t\t<div class=\"elementor-column-wrap elementor-element-populated\">\n\t\t\t\t\t\t\t<div class=\"elementor-widget-wrap\">\n\t\t\t\t\t\t<div class=\"elementor-element elementor-element-4b079fa elementor-widget elementor-widget-image\" data-id=\"4b079fa\" data-element_type=\"widget\" data-widget_type=\"image.default\">\n\t\t\t\t<div class=\"elementor-widget-container\">\n\t\t\t\t\t\t\t\t<div class=\"elementor-image\">\n\t\t\t\t\t\t\t\t\t\t\t\t<img decoding=\"async\" width=\"780\" height=\"520\" src=\"https:\/\/sistemas.tic.unam.mx\/wp-content\/uploads\/2023\/07\/office-3342702_1280-1024x683.jpeg\" class=\"attachment-large size-large wp-image-57729\" alt=\"\" loading=\"lazy\" srcset=\"https:\/\/sistemas.tic.unam.mx\/wp-content\/uploads\/2023\/07\/office-3342702_1280-1024x683.jpeg 1024w, https:\/\/sistemas.tic.unam.mx\/wp-content\/uploads\/2023\/07\/office-3342702_1280-300x200.jpeg 300w, https:\/\/sistemas.tic.unam.mx\/wp-content\/uploads\/2023\/07\/office-3342702_1280-768x512.jpeg 768w, https:\/\/sistemas.tic.unam.mx\/wp-content\/uploads\/2023\/07\/office-3342702_1280.jpeg 1280w\" sizes=\"(max-width: 780px) 100vw, 780px\" \/>\t\t\t\t\t\t\t\t\t\t\t\t\t\t<\/div>\n\t\t\t\t\t\t<\/div>\n\t\t\t\t<\/div>\n\t\t\t\t\t\t<\/div>\n\t\t\t\t\t<\/div>\n\t\t<\/div>\n\t\t\t\t\t\t\t\t<\/div>\n\t\t\t\t\t<\/div>\n\t\t<\/section>\n\t\t\t\t<div class=\"elementor-element elementor-element-56586c4 elementor-widget-divider--view-line elementor-widget elementor-widget-divider\" data-id=\"56586c4\" data-element_type=\"widget\" data-widget_type=\"divider.default\">\n\t\t\t\t<div class=\"elementor-widget-container\">\n\t\t\t\t\t<div class=\"elementor-divider\">\n\t\t\t<span class=\"elementor-divider-separator\">\n\t\t\t\t\t\t<\/span>\n\t\t<\/div>\n\t\t\t\t<\/div>\n\t\t\t\t<\/div>\n\t\t\t\t<div class=\"elementor-element elementor-element-b413fa1 elementor-widget elementor-widget-text-editor\" data-id=\"b413fa1\" data-element_type=\"widget\" data-widget_type=\"text-editor.default\">\n\t\t\t\t<div class=\"elementor-widget-container\">\n\t\t\t\t\t\t\t\t<div class=\"elementor-text-editor elementor-clearfix\">\n\t\t\t\t<div><div><h1 style=\"text-align: left;\">Aplicabilidad de servicios por tipo de usuario<\/h1><table style=\"width: 76.2741%; height: 130px;\" cellspacing=\"0\" cellpadding=\"0\"><thead><tr style=\"height: 22px;\"><th style=\"height: 22px; width: 20.8847%;\"><span style=\"background-color: #ffffff;\">USUARIO<\/span><\/th><th style=\"height: 22px; width: 13.1064%;\"><span style=\"background-color: #ffffff;\">Disponibilidad<\/span><\/th><th style=\"height: 22px; width: 11.9858%;\"><span style=\"background-color: #ffffff;\">Costos<\/span><\/th><th style=\"height: 22px; width: 20.2847%;\"><span style=\"background-color: #ffffff;\">Restricciones<\/span><\/th><\/tr><\/thead><tbody style=\"background: rgba(128, 192, 255, 0.3); border: 1px solid rgba(200, 100, 0, 0.3);\"><tr style=\"height: 22px;\"><td style=\"height: 22px; width: 20.8847%;\"><h6><strong>Estudiantes UNAM<\/strong><\/h6><\/td><td style=\"height: 22px; width: 13.1064%;\">No<\/td><td style=\"height: 22px; width: 11.9858%;\">No aplica<\/td><td style=\"height: 22px; width: 20.2847%;\">No aplica<\/td><\/tr><\/tbody><tbody><tr style=\"height: 22px;\"><td style=\"height: 22px; width: 20.8847%;\"><h6><strong>Acad\u00e9micos UNAM<\/strong><\/h6><\/td><td style=\"height: 22px; width: 13.1064%;\">No<\/td><td style=\"height: 22px; width: 11.9858%;\">No aplica<\/td><td style=\"height: 22px; width: 20.2847%;\">No aplica<\/td><\/tr><\/tbody><tbody style=\"background: rgba(128, 192, 255, 0.3); border: 1px solid rgba(200, 100, 0, 0.3);\"><tr style=\"height: 22px;\"><td style=\"height: 22px; width: 20.8847%;\"><h6><strong>Entidades y dependencias UNAM<\/strong><\/h6><\/td><td style=\"height: 22px; width: 13.1064%;\">Si<\/td><td style=\"height: 22px; width: 11.9858%;\">No aplica<\/td><td style=\"height: 22px; width: 20.2847%;\">No<\/td><\/tr><\/tbody><tbody><tr><td style=\"height: 42px; width: 20.8847%;\"><h6><strong>P\u00fablico en general y organizaciones externas<\/strong><\/h6><\/td><td style=\"height: 42px; width: 13.1064%;\">No<\/td><td style=\"height: 42px; width: 11.9858%;\">No aplica<\/td><td style=\"height: 42px; width: 20.2847%;\">No aplica<\/td><\/tr><\/tbody><\/table><\/div><\/div>\t\t\t\t\t<\/div>\n\t\t\t\t\t\t<\/div>\n\t\t\t\t<\/div>\n\t\t\t\t\t\t<\/div>\n\t\t\t\t\t<\/div>\n\t\t<\/div>\n\t\t\t\t\t\t\t\t<\/div>\n\t\t\t\t\t<\/div>\n\t\t<\/section>\n\t\t\t\t\t\t\t\t\t<\/div>\n\t\t\t<\/div>\n\t\t\t\t\t<\/div>\n\t\t","protected":false},"excerpt":{"rendered":"<p>Descripci\u00f3n: La DGTIC ofrece este servicio a las entidades acad\u00e9micas, para ampliar las capacidades de c\u00f3mputo disponible a los los [&hellip;]<\/p>\n","protected":false},"author":1,"featured_media":0,"parent":0,"menu_order":0,"comment_status":"closed","ping_status":"closed","template":"","meta":{"_EventAllDay":false,"_EventTimezone":"","_EventStartDate":"","_EventEndDate":"","_EventStartDateUTC":"","_EventEndDateUTC":"","_EventShowMap":false,"_EventShowMapLink":false,"_EventURL":"","_EventCost":"","_EventCostDescription":"","_EventCurrencySymbol":"","_EventCurrencyCode":"","_EventCurrencyPosition":"","_EventDateTimeSeparator":"","_EventTimeRangeSeparator":"","_EventOrganizerID":[],"_EventVenueID":[],"_OrganizerEmail":"","_OrganizerPhone":"","_OrganizerWebsite":"","_VenueAddress":"","_VenueCity":"","_VenueCountry":"","_VenueProvince":"","_VenueState":"","_VenueZip":"","_VenuePhone":"","_VenueURL":"","_VenueStateProvince":"","_VenueLat":"","_VenueLng":"","_VenueShowMap":false,"_VenueShowMapLink":false},"_links":{"self":[{"href":"https:\/\/sistemas.tic.unam.mx\/index.php\/wp-json\/wp\/v2\/pages\/57715"}],"collection":[{"href":"https:\/\/sistemas.tic.unam.mx\/index.php\/wp-json\/wp\/v2\/pages"}],"about":[{"href":"https:\/\/sistemas.tic.unam.mx\/index.php\/wp-json\/wp\/v2\/types\/page"}],"author":[{"embeddable":true,"href":"https:\/\/sistemas.tic.unam.mx\/index.php\/wp-json\/wp\/v2\/users\/1"}],"replies":[{"embeddable":true,"href":"https:\/\/sistemas.tic.unam.mx\/index.php\/wp-json\/wp\/v2\/comments?post=57715"}],"version-history":[{"count":26,"href":"https:\/\/sistemas.tic.unam.mx\/index.php\/wp-json\/wp\/v2\/pages\/57715\/revisions"}],"predecessor-version":[{"id":57775,"href":"https:\/\/sistemas.tic.unam.mx\/index.php\/wp-json\/wp\/v2\/pages\/57715\/revisions\/57775"}],"wp:attachment":[{"href":"https:\/\/sistemas.tic.unam.mx\/index.php\/wp-json\/wp\/v2\/media?parent=57715"}],"curies":[{"name":"wp","href":"https:\/\/api.w.org\/{rel}","templated":true}]}}